{"id":254242,"date":"2024-09-29T10:30:35","date_gmt":"2024-09-29T10:30:35","guid":{"rendered":"https:\/\/irankiuzona.lt\/product\/spec-sriegiklis-su-centravimu-m10x1-0-i-m12x1-0\/"},"modified":"2025-05-27T11:35:36","modified_gmt":"2025-05-27T11:35:36","slug":"spec-sriegiklis-su-centravimu-m10x1-0-i-m12x1-0","status":"publish","type":"product","link":"https:\/\/irankiuzona.lt\/ru\/product\/spec-sriegiklis-su-centravimu-m10x1-0-i-m12x1-0\/","title":{"rendered":"Spec. sriegiklis su centravimu M10x1.0 \u012f M12x1.0"},"content":{"rendered":"<p>Pakopiniai sriegikliai skirti saugiam pa\u017eeist\u0173 originali\u0173 pakaitinimo \u017evaki\u0173 sriegi\u0173 taisymui, spec sriegio \u012fvori\u0173 \u012fsukimui.<\/p>","protected":false},"excerpt":{"rendered":"<p>Spec. sriegiklis su centravimu M10x1.0 \u012f M12x1.0 \/ pakaitinimo \u017evaki\u0173 sriegio remontui<\/p>","protected":false},"featured_media":254244,"comment_status":"open","ping_status":"open","template":"","meta":[],"product_cat":[9833],"product_tag":[9778],"class_list":{"0":"post-254242","1":"product","2":"type-product","3":"status-publish","4":"has-post-thumbnail","6":"product_brand-triumf-professional-tools-slovakija","7":"product_cat-sriegikliai-zvakems-su-centravimu","8":"product_tag-triumf-professional-tools-slovakija","10":"first","11":"outofstock","12":"purchasable","13":"product-type-simple"},"jetpack_sharing_enabled":true,"_links":{"self":[{"href":"https:\/\/irankiuzona.lt\/ru\/wp-json\/wp\/v2\/product\/254242","targetHints":{"allow":["GET"]}}],"collection":[{"href":"https:\/\/irankiuzona.lt\/ru\/wp-json\/wp\/v2\/product"}],"about":[{"href":"https:\/\/irankiuzona.lt\/ru\/wp-json\/wp\/v2\/types\/product"}],"replies":[{"embeddable":true,"href":"https:\/\/irankiuzona.lt\/ru\/wp-json\/wp\/v2\/comments?post=254242"}],"version-history":[{"count":0,"href":"https:\/\/irankiuzona.lt\/ru\/wp-json\/wp\/v2\/product\/254242\/revisions"}],"wp:featuredmedia":[{"embeddable":true,"href":"https:\/\/irankiuzona.lt\/ru\/wp-json\/wp\/v2\/media\/254244"}],"wp:attachment":[{"href":"https:\/\/irankiuzona.lt\/ru\/wp-json\/wp\/v2\/media?parent=254242"}],"wp:term":[{"taxonomy":"product_cat","embeddable":true,"href":"https:\/\/irankiuzona.lt\/ru\/wp-json\/wp\/v2\/product_cat?post=254242"},{"taxonomy":"product_tag","embeddable":true,"href":"https:\/\/irankiuzona.lt\/ru\/wp-json\/wp\/v2\/product_tag?post=254242"}],"curies":[{"name":"wp","href":"https:\/\/api.w.org\/{rel}","templated":true}]}}