{"id":254273,"date":"2024-09-29T10:30:39","date_gmt":"2024-09-29T10:30:39","guid":{"rendered":"https:\/\/irankiuzona.lt\/product\/varines-tarpines-poverzles-komplektas-580vnt\/"},"modified":"2026-04-16T13:20:14","modified_gmt":"2026-04-16T13:20:14","slug":"varines-tarpines-poverzles-komplektas-580vnt","status":"publish","type":"product","link":"https:\/\/irankiuzona.lt\/ru\/product\/varines-tarpines-poverzles-komplektas-580vnt\/","title":{"rendered":"Varin\u0117s tarpin\u0117s (pover\u017el\u0117s), komplektas 580vnt"},"content":{"rendered":"","protected":false},"excerpt":{"rendered":"<p>Varin\u0117s tarpin\u0117s (pover\u017el\u0117s), komplektas 580vnt<\/p>","protected":false},"featured_media":254275,"comment_status":"open","ping_status":"open","template":"","meta":[],"product_cat":[9438],"product_tag":[9435],"class_list":{"0":"post-254273","1":"product","2":"type-product","3":"status-publish","4":"has-post-thumbnail","6":"product_brand-kinija","7":"product_cat-tarpines-savarzos-smeiges-kaisciai-ir-kiti-rinkiniai","8":"product_tag-kinija","10":"first","11":"outofstock","12":"purchasable","13":"product-type-simple"},"jetpack_sharing_enabled":true,"_links":{"self":[{"href":"https:\/\/irankiuzona.lt\/ru\/wp-json\/wp\/v2\/product\/254273","targetHints":{"allow":["GET"]}}],"collection":[{"href":"https:\/\/irankiuzona.lt\/ru\/wp-json\/wp\/v2\/product"}],"about":[{"href":"https:\/\/irankiuzona.lt\/ru\/wp-json\/wp\/v2\/types\/product"}],"replies":[{"embeddable":true,"href":"https:\/\/irankiuzona.lt\/ru\/wp-json\/wp\/v2\/comments?post=254273"}],"version-history":[{"count":1,"href":"https:\/\/irankiuzona.lt\/ru\/wp-json\/wp\/v2\/product\/254273\/revisions"}],"predecessor-version":[{"id":419965,"href":"https:\/\/irankiuzona.lt\/ru\/wp-json\/wp\/v2\/product\/254273\/revisions\/419965"}],"wp:featuredmedia":[{"embeddable":true,"href":"https:\/\/irankiuzona.lt\/ru\/wp-json\/wp\/v2\/media\/254275"}],"wp:attachment":[{"href":"https:\/\/irankiuzona.lt\/ru\/wp-json\/wp\/v2\/media?parent=254273"}],"wp:term":[{"taxonomy":"product_cat","embeddable":true,"href":"https:\/\/irankiuzona.lt\/ru\/wp-json\/wp\/v2\/product_cat?post=254273"},{"taxonomy":"product_tag","embeddable":true,"href":"https:\/\/irankiuzona.lt\/ru\/wp-json\/wp\/v2\/product_tag?post=254273"}],"curies":[{"name":"wp","href":"https:\/\/api.w.org\/{rel}","templated":true}]}}