{"id":254282,"date":"2024-09-29T10:30:40","date_gmt":"2024-09-29T10:30:40","guid":{"rendered":"https:\/\/irankiuzona.lt\/product\/zvakes-elektrodo-galvute-6-5mm\/"},"modified":"2026-04-12T15:24:20","modified_gmt":"2026-04-12T15:24:20","slug":"zvakes-elektrodo-galvute-6-5mm","status":"publish","type":"product","link":"https:\/\/irankiuzona.lt\/ru\/product\/zvakes-elektrodo-galvute-6-5mm\/","title":{"rendered":"\u017dvak\u0117s elektrodo galvut\u0117 6.5mm"},"content":{"rendered":"<p>\u017dvak\u0117s elektrodo galvut\u0117 i\u0161traukimui 6.5mm<\/p>","protected":false},"excerpt":{"rendered":"<p>\u017dvak\u0117s elektrodo galvut\u0117 i\u0161traukimui 6.5mm<\/p>","protected":false},"featured_media":254284,"comment_status":"open","ping_status":"open","template":"","meta":[],"product_cat":[9783],"product_tag":[9845],"class_list":{"0":"post-254282","1":"product","2":"type-product","3":"status-publish","4":"has-post-thumbnail","6":"product_brand-vokietija-germany","7":"product_cat-galvutes-sugadintiems-varztams-verzlems-po-1vnt","8":"product_tag-vokietija-germany","10":"first","11":"instock","12":"purchasable","13":"product-type-simple"},"jetpack_sharing_enabled":true,"_links":{"self":[{"href":"https:\/\/irankiuzona.lt\/ru\/wp-json\/wp\/v2\/product\/254282","targetHints":{"allow":["GET"]}}],"collection":[{"href":"https:\/\/irankiuzona.lt\/ru\/wp-json\/wp\/v2\/product"}],"about":[{"href":"https:\/\/irankiuzona.lt\/ru\/wp-json\/wp\/v2\/types\/product"}],"replies":[{"embeddable":true,"href":"https:\/\/irankiuzona.lt\/ru\/wp-json\/wp\/v2\/comments?post=254282"}],"version-history":[{"count":1,"href":"https:\/\/irankiuzona.lt\/ru\/wp-json\/wp\/v2\/product\/254282\/revisions"}],"predecessor-version":[{"id":419968,"href":"https:\/\/irankiuzona.lt\/ru\/wp-json\/wp\/v2\/product\/254282\/revisions\/419968"}],"wp:featuredmedia":[{"embeddable":true,"href":"https:\/\/irankiuzona.lt\/ru\/wp-json\/wp\/v2\/media\/254284"}],"wp:attachment":[{"href":"https:\/\/irankiuzona.lt\/ru\/wp-json\/wp\/v2\/media?parent=254282"}],"wp:term":[{"taxonomy":"product_cat","embeddable":true,"href":"https:\/\/irankiuzona.lt\/ru\/wp-json\/wp\/v2\/product_cat?post=254282"},{"taxonomy":"product_tag","embeddable":true,"href":"https:\/\/irankiuzona.lt\/ru\/wp-json\/wp\/v2\/product_tag?post=254282"}],"curies":[{"name":"wp","href":"https:\/\/api.w.org\/{rel}","templated":true}]}}