{"id":254327,"date":"2024-09-29T10:30:45","date_gmt":"2024-09-29T10:30:45","guid":{"rendered":"https:\/\/irankiuzona.lt\/product\/zvakiu-sriegio-ivore-m6x1-0-x-20mm-isore-m8x1-25-su-galu\/"},"modified":"2026-05-09T09:16:45","modified_gmt":"2026-05-09T09:16:45","slug":"zvakiu-sriegio-ivore-m6x1-0-x-20mm-isore-m8x1-25-su-galu","status":"publish","type":"product","link":"https:\/\/irankiuzona.lt\/ru\/product\/zvakiu-sriegio-ivore-m6x1-0-x-20mm-isore-m8x1-25-su-galu\/","title":{"rendered":"\u017dvaki\u0173 sriegio \u012fvor\u0117 M6x1.0 x 20mm \/ i\u0161or\u0117 M8x1.25 su galu"},"content":{"rendered":"<p>Sriegio \u012fvor\u0117 M6x1,0 tvirtinimo var\u017etui.Bendras ilgis &#8211; 20 mmI\u0161orinis sriegis &#8211; M8x1,25Sriegio \u012fvor\u0117 M6x1.0 &#8211; remonto sriegis &#8211; purk\u0161tuko tvirtinimo var\u017etui.<\/p>","protected":false},"excerpt":{"rendered":"<p>\u017dvaki\u0173 sriegio \u012fvor\u0117 M6x1.0 x 20mm \/ i\u0161or\u0117 M8x1.25 su galu<\/p>","protected":false},"featured_media":254329,"comment_status":"open","ping_status":"closed","template":"","meta":[],"product_cat":[9747],"product_tag":[9778],"class_list":{"0":"post-254327","1":"product","2":"type-product","3":"status-publish","4":"has-post-thumbnail","6":"product_brand-triumf-professional-tools-slovakija","7":"product_cat-sugadinto-sriegio-atstatymo-komplektai-ivores-indeklai-helikoliai","8":"product_tag-triumf-professional-tools-slovakija","10":"first","11":"outofstock","12":"purchasable","13":"product-type-simple"},"jetpack_sharing_enabled":true,"_links":{"self":[{"href":"https:\/\/irankiuzona.lt\/ru\/wp-json\/wp\/v2\/product\/254327","targetHints":{"allow":["GET"]}}],"collection":[{"href":"https:\/\/irankiuzona.lt\/ru\/wp-json\/wp\/v2\/product"}],"about":[{"href":"https:\/\/irankiuzona.lt\/ru\/wp-json\/wp\/v2\/types\/product"}],"replies":[{"embeddable":true,"href":"https:\/\/irankiuzona.lt\/ru\/wp-json\/wp\/v2\/comments?post=254327"}],"version-history":[{"count":1,"href":"https:\/\/irankiuzona.lt\/ru\/wp-json\/wp\/v2\/product\/254327\/revisions"}],"predecessor-version":[{"id":419982,"href":"https:\/\/irankiuzona.lt\/ru\/wp-json\/wp\/v2\/product\/254327\/revisions\/419982"}],"wp:featuredmedia":[{"embeddable":true,"href":"https:\/\/irankiuzona.lt\/ru\/wp-json\/wp\/v2\/media\/254329"}],"wp:attachment":[{"href":"https:\/\/irankiuzona.lt\/ru\/wp-json\/wp\/v2\/media?parent=254327"}],"wp:term":[{"taxonomy":"product_cat","embeddable":true,"href":"https:\/\/irankiuzona.lt\/ru\/wp-json\/wp\/v2\/product_cat?post=254327"},{"taxonomy":"product_tag","embeddable":true,"href":"https:\/\/irankiuzona.lt\/ru\/wp-json\/wp\/v2\/product_tag?post=254327"}],"curies":[{"name":"wp","href":"https:\/\/api.w.org\/{rel}","templated":true}]}}