{"id":254330,"date":"2024-09-29T10:30:45","date_gmt":"2024-09-29T10:30:45","guid":{"rendered":"https:\/\/irankiuzona.lt\/product\/zvakes-sriegio-ivore-m6x1-0-x-20mm-isore-m8x1-25-be-galo\/"},"modified":"2026-05-09T08:26:30","modified_gmt":"2026-05-09T08:26:30","slug":"zvakes-sriegio-ivore-m6x1-0-x-20mm-isore-m8x1-25-be-galo","status":"publish","type":"product","link":"https:\/\/irankiuzona.lt\/ru\/product\/zvakes-sriegio-ivore-m6x1-0-x-20mm-isore-m8x1-25-be-galo\/","title":{"rendered":"\u017dvak\u0117s sriegio \u012fvor\u0117 M6x1.0 x 20mm \/ i\u0161or\u0117 M8x1.25 be galo"},"content":{"rendered":"<p>Sriegio \u012fvor\u0117 M6x1,0 tvirtinimo var\u017etui.Bendras ilgis &#8211; 20 mmI\u0161orinis sriegis &#8211; M8x1,25Sriegio \u012fvor\u0117 M6x1.0 &#8211; remonto sriegis &#8211; purk\u0161tuko tvirtinimo var\u017etui.<\/p>","protected":false},"excerpt":{"rendered":"<p>\u017dvak\u0117s sriegio \u012fvor\u0117 M6x1.0 x 20mm \/ i\u0161or\u0117 M8x1.25 be galo<\/p>","protected":false},"featured_media":254332,"comment_status":"open","ping_status":"open","template":"","meta":[],"product_cat":[9747],"product_tag":[9778],"class_list":{"0":"post-254330","1":"product","2":"type-product","3":"status-publish","4":"has-post-thumbnail","6":"product_brand-triumf-professional-tools-slovakija","7":"product_cat-sugadinto-sriegio-atstatymo-komplektai-ivores-indeklai-helikoliai","8":"product_tag-triumf-professional-tools-slovakija","10":"first","11":"outofstock","12":"purchasable","13":"product-type-simple"},"jetpack_sharing_enabled":true,"_links":{"self":[{"href":"https:\/\/irankiuzona.lt\/ru\/wp-json\/wp\/v2\/product\/254330","targetHints":{"allow":["GET"]}}],"collection":[{"href":"https:\/\/irankiuzona.lt\/ru\/wp-json\/wp\/v2\/product"}],"about":[{"href":"https:\/\/irankiuzona.lt\/ru\/wp-json\/wp\/v2\/types\/product"}],"replies":[{"embeddable":true,"href":"https:\/\/irankiuzona.lt\/ru\/wp-json\/wp\/v2\/comments?post=254330"}],"version-history":[{"count":1,"href":"https:\/\/irankiuzona.lt\/ru\/wp-json\/wp\/v2\/product\/254330\/revisions"}],"predecessor-version":[{"id":419983,"href":"https:\/\/irankiuzona.lt\/ru\/wp-json\/wp\/v2\/product\/254330\/revisions\/419983"}],"wp:featuredmedia":[{"embeddable":true,"href":"https:\/\/irankiuzona.lt\/ru\/wp-json\/wp\/v2\/media\/254332"}],"wp:attachment":[{"href":"https:\/\/irankiuzona.lt\/ru\/wp-json\/wp\/v2\/media?parent=254330"}],"wp:term":[{"taxonomy":"product_cat","embeddable":true,"href":"https:\/\/irankiuzona.lt\/ru\/wp-json\/wp\/v2\/product_cat?post=254330"},{"taxonomy":"product_tag","embeddable":true,"href":"https:\/\/irankiuzona.lt\/ru\/wp-json\/wp\/v2\/product_tag?post=254330"}],"curies":[{"name":"wp","href":"https:\/\/api.w.org\/{rel}","templated":true}]}}