{"id":254480,"date":"2024-09-29T10:31:01","date_gmt":"2024-09-29T10:31:01","guid":{"rendered":"https:\/\/irankiuzona.lt\/product\/graztas-medziui-5mm-suktukui-1-4-hex-tvirtinimu\/"},"modified":"2026-04-11T16:54:42","modified_gmt":"2026-04-11T16:54:42","slug":"graztas-medziui-5mm-suktukui-1-4-hex-tvirtinimu","status":"publish","type":"product","link":"https:\/\/irankiuzona.lt\/ru\/product\/graztas-medziui-5mm-suktukui-1-4-hex-tvirtinimu\/","title":{"rendered":"Gr\u0105\u017etas med\u017eiui 5mm suktukui 1\/4 HEX tvirtinimu"},"content":{"rendered":"<p>HSS plienasMed\u017eio gr\u0105\u017etas 5mm su \u0161e\u0161iakampiu tvirtinimu suktukuiBendras ilgis 60mm \/ darbinis ilgis 35mm<\/p>","protected":false},"excerpt":{"rendered":"<p>Med\u017eio gr\u0105\u017etas 5mm (bendras ilgis 60mm, darbinis ilgis 35mm) su HEX \u0161e\u0161iakampiu 1\/4 tvirtinimu suktukui<\/p>","protected":false},"featured_media":254482,"comment_status":"open","ping_status":"open","template":"","meta":[],"product_cat":[10107],"product_tag":[9969],"class_list":{"0":"post-254480","1":"product","2":"type-product","3":"status-publish","4":"has-post-thumbnail","6":"product_brand-hogert-technik-vokietija","7":"product_cat-graztai-medziui-su-hex-tvirtinimu-suktukui","8":"product_tag-hogert-technik-vokietija","10":"first","11":"instock","12":"purchasable","13":"product-type-simple"},"jetpack_sharing_enabled":true,"_links":{"self":[{"href":"https:\/\/irankiuzona.lt\/ru\/wp-json\/wp\/v2\/product\/254480","targetHints":{"allow":["GET"]}}],"collection":[{"href":"https:\/\/irankiuzona.lt\/ru\/wp-json\/wp\/v2\/product"}],"about":[{"href":"https:\/\/irankiuzona.lt\/ru\/wp-json\/wp\/v2\/types\/product"}],"replies":[{"embeddable":true,"href":"https:\/\/irankiuzona.lt\/ru\/wp-json\/wp\/v2\/comments?post=254480"}],"version-history":[{"count":1,"href":"https:\/\/irankiuzona.lt\/ru\/wp-json\/wp\/v2\/product\/254480\/revisions"}],"predecessor-version":[{"id":420031,"href":"https:\/\/irankiuzona.lt\/ru\/wp-json\/wp\/v2\/product\/254480\/revisions\/420031"}],"wp:featuredmedia":[{"embeddable":true,"href":"https:\/\/irankiuzona.lt\/ru\/wp-json\/wp\/v2\/media\/254482"}],"wp:attachment":[{"href":"https:\/\/irankiuzona.lt\/ru\/wp-json\/wp\/v2\/media?parent=254480"}],"wp:term":[{"taxonomy":"product_cat","embeddable":true,"href":"https:\/\/irankiuzona.lt\/ru\/wp-json\/wp\/v2\/product_cat?post=254480"},{"taxonomy":"product_tag","embeddable":true,"href":"https:\/\/irankiuzona.lt\/ru\/wp-json\/wp\/v2\/product_tag?post=254480"}],"curies":[{"name":"wp","href":"https:\/\/api.w.org\/{rel}","templated":true}]}}