{"id":254483,"date":"2024-09-29T10:31:01","date_gmt":"2024-09-29T10:31:01","guid":{"rendered":"https:\/\/irankiuzona.lt\/product\/svirkstas-sutepimo-kompozit-400mm-pneumatinis-mig\/"},"modified":"2026-04-11T13:34:48","modified_gmt":"2026-04-11T13:34:48","slug":"svirkstas-sutepimo-kompozit-400mm-pneumatinis-mig","status":"publish","type":"product","link":"https:\/\/irankiuzona.lt\/ru\/product\/svirkstas-sutepimo-kompozit-400mm-pneumatinis-mig\/","title":{"rendered":"\u0160VIRK\u0160TAS SUTEPIMO KOMPOZIT. 400MM PNEUMATINIS MIG"},"content":{"rendered":"<p>Techniniai parametrai:Darbinis sl\u0117gis (kgf \/ cm2): 2,8 &#8211; 8,4;Oro \u012fleidimo anga 1\/4&quot;Maksimalus sl\u0117gis (kgf \/ cm2): 10,5;Talpa (ml): 400;Neto svoris (kg): 1,00;Garso stiprumas (dB): 81,4;Vibracij\u0173 lygis (m\/s2): 0,6.<\/p>","protected":false},"excerpt":{"rendered":"<p>\u0160VIRK\u0160TAS SUTEPIMO KOMPOZIT. 400MM PNEUMATINIS MIG<\/p>","protected":false},"featured_media":254485,"comment_status":"open","ping_status":"open","template":"","meta":[],"product_cat":[10108],"product_tag":[9875],"class_list":{"0":"post-254483","1":"product","2":"type-product","3":"status-publish","4":"has-post-thumbnail","6":"product_brand-mighty-seven-m7","7":"product_cat-pneumatiniai-pistoletai-tepalams-tepimo-taskams","8":"product_tag-mighty-seven-m7","10":"first","11":"instock","12":"purchasable","13":"product-type-simple"},"jetpack_sharing_enabled":true,"_links":{"self":[{"href":"https:\/\/irankiuzona.lt\/ru\/wp-json\/wp\/v2\/product\/254483","targetHints":{"allow":["GET"]}}],"collection":[{"href":"https:\/\/irankiuzona.lt\/ru\/wp-json\/wp\/v2\/product"}],"about":[{"href":"https:\/\/irankiuzona.lt\/ru\/wp-json\/wp\/v2\/types\/product"}],"replies":[{"embeddable":true,"href":"https:\/\/irankiuzona.lt\/ru\/wp-json\/wp\/v2\/comments?post=254483"}],"version-history":[{"count":1,"href":"https:\/\/irankiuzona.lt\/ru\/wp-json\/wp\/v2\/product\/254483\/revisions"}],"predecessor-version":[{"id":420032,"href":"https:\/\/irankiuzona.lt\/ru\/wp-json\/wp\/v2\/product\/254483\/revisions\/420032"}],"wp:featuredmedia":[{"embeddable":true,"href":"https:\/\/irankiuzona.lt\/ru\/wp-json\/wp\/v2\/media\/254485"}],"wp:attachment":[{"href":"https:\/\/irankiuzona.lt\/ru\/wp-json\/wp\/v2\/media?parent=254483"}],"wp:term":[{"taxonomy":"product_cat","embeddable":true,"href":"https:\/\/irankiuzona.lt\/ru\/wp-json\/wp\/v2\/product_cat?post=254483"},{"taxonomy":"product_tag","embeddable":true,"href":"https:\/\/irankiuzona.lt\/ru\/wp-json\/wp\/v2\/product_tag?post=254483"}],"curies":[{"name":"wp","href":"https:\/\/api.w.org\/{rel}","templated":true}]}}