{"id":254500,"date":"2024-09-29T10:40:05","date_gmt":"2024-09-29T10:40:05","guid":{"rendered":"https:\/\/irankiuzona.lt\/product\/guoliu-nuemejas-hidraulinis-50t\/"},"modified":"2026-05-15T22:46:24","modified_gmt":"2026-05-15T22:46:24","slug":"guoliu-nuemejas-hidraulinis-50t","status":"publish","type":"product","link":"https:\/\/irankiuzona.lt\/ru\/product\/guoliu-nuemejas-hidraulinis-50t\/","title":{"rendered":"Guoli\u0173 nuem\u0117jas hidraulinis 50T"},"content":{"rendered":"<p>TECHNINIAI DUOMENYS:<br \/>\nNominali darbo j\u0117ga 500kN (50T)ma\u017eiausias atstumas &#8211; 75 mmmaksimalus pasiekiamumas, sriegio ilgis &#8211; 300mmmaksimalus atstumas tarp rank\u0173 &#8211; 500mmilgis &#8211; 435mm2 rankos tvirtinimo pad\u0117tyssvoris &#8211; apie 36 kg<\/p>","protected":false},"excerpt":{"rendered":"<p>Guoli\u0173 nuem\u0117jas hidraulinis 50T<\/p>","protected":false},"featured_media":254502,"comment_status":"open","ping_status":"open","template":"","meta":[],"product_cat":[10070],"product_tag":[10087],"class_list":{"0":"post-254500","1":"product","2":"type-product","3":"status-publish","4":"has-post-thumbnail","6":"product_brand-verke","7":"product_cat-hidrauliniai-nuemejai","8":"product_tag-verke","10":"first","11":"instock","12":"purchasable","13":"product-type-simple"},"jetpack_sharing_enabled":true,"_links":{"self":[{"href":"https:\/\/irankiuzona.lt\/ru\/wp-json\/wp\/v2\/product\/254500","targetHints":{"allow":["GET"]}}],"collection":[{"href":"https:\/\/irankiuzona.lt\/ru\/wp-json\/wp\/v2\/product"}],"about":[{"href":"https:\/\/irankiuzona.lt\/ru\/wp-json\/wp\/v2\/types\/product"}],"replies":[{"embeddable":true,"href":"https:\/\/irankiuzona.lt\/ru\/wp-json\/wp\/v2\/comments?post=254500"}],"version-history":[{"count":1,"href":"https:\/\/irankiuzona.lt\/ru\/wp-json\/wp\/v2\/product\/254500\/revisions"}],"predecessor-version":[{"id":420037,"href":"https:\/\/irankiuzona.lt\/ru\/wp-json\/wp\/v2\/product\/254500\/revisions\/420037"}],"wp:featuredmedia":[{"embeddable":true,"href":"https:\/\/irankiuzona.lt\/ru\/wp-json\/wp\/v2\/media\/254502"}],"wp:attachment":[{"href":"https:\/\/irankiuzona.lt\/ru\/wp-json\/wp\/v2\/media?parent=254500"}],"wp:term":[{"taxonomy":"product_cat","embeddable":true,"href":"https:\/\/irankiuzona.lt\/ru\/wp-json\/wp\/v2\/product_cat?post=254500"},{"taxonomy":"product_tag","embeddable":true,"href":"https:\/\/irankiuzona.lt\/ru\/wp-json\/wp\/v2\/product_tag?post=254500"}],"curies":[{"name":"wp","href":"https:\/\/api.w.org\/{rel}","templated":true}]}}