{"id":254503,"date":"2024-09-29T10:40:06","date_gmt":"2024-09-29T10:40:06","guid":{"rendered":"https:\/\/irankiuzona.lt\/product\/zibintuvelis-ant-galvos-led-100lm-ip44\/"},"modified":"2026-05-15T18:19:35","modified_gmt":"2026-05-15T18:19:35","slug":"zibintuvelis-ant-galvos-led-100lm-ip44","status":"publish","type":"product","link":"https:\/\/irankiuzona.lt\/ru\/product\/zibintuvelis-ant-galvos-led-100lm-ip44\/","title":{"rendered":"\u017dibintuv\u0117lis ant galvos LED 100LM IP44"},"content":{"rendered":"<p>Prek\u0117s \u017eenklas: BrennenstuhlIlgis, mm: 6Plotis, mm: 27Auk\u0161tis, mm: 34\u017dibintuv\u0117lio tipas: \u017dibintuv\u0117lis ant galvosLemput\u0117s tipas: LED\u0160viesos diod\u0173 skai\u010dius: 1Spalvos temperat\u016bra, \u00b0K: 6500Spalvos temperat\u016bros reguliavimas: Ne\u0160viesos srautas, lm: 100\u0160viesos srauto reguliavimas: TaipApsaugos laipsnis (IP): IP44Korpuso med\u017eiaga: PlastikasKorpuso spalva: JuodaMagnetinis tvirtinimas: NeVeikimo re\u017eim\u0173 skai\u010dius: 3Baterijos komplekte: TaipNaudojamos baterijos: AAReikalingas baterij\u0173 skai\u010dius: 2<\/p>","protected":false},"excerpt":{"rendered":"<p>\u017dibintuv\u0117lis ant galvos LED 100LM IP44<\/p>","protected":false},"featured_media":254505,"comment_status":"open","ping_status":"open","template":"","meta":[],"product_cat":[9830],"product_tag":[9906],"class_list":{"0":"post-254503","1":"product","2":"type-product","3":"status-publish","4":"has-post-thumbnail","6":"product_brand-brennenstuhl-vokietija","7":"product_cat-lempos-ant-galvos","8":"product_tag-brennenstuhl-vokietija","10":"first","11":"instock","12":"purchasable","13":"product-type-simple"},"jetpack_sharing_enabled":true,"_links":{"self":[{"href":"https:\/\/irankiuzona.lt\/ru\/wp-json\/wp\/v2\/product\/254503","targetHints":{"allow":["GET"]}}],"collection":[{"href":"https:\/\/irankiuzona.lt\/ru\/wp-json\/wp\/v2\/product"}],"about":[{"href":"https:\/\/irankiuzona.lt\/ru\/wp-json\/wp\/v2\/types\/product"}],"replies":[{"embeddable":true,"href":"https:\/\/irankiuzona.lt\/ru\/wp-json\/wp\/v2\/comments?post=254503"}],"version-history":[{"count":1,"href":"https:\/\/irankiuzona.lt\/ru\/wp-json\/wp\/v2\/product\/254503\/revisions"}],"predecessor-version":[{"id":420038,"href":"https:\/\/irankiuzona.lt\/ru\/wp-json\/wp\/v2\/product\/254503\/revisions\/420038"}],"wp:featuredmedia":[{"embeddable":true,"href":"https:\/\/irankiuzona.lt\/ru\/wp-json\/wp\/v2\/media\/254505"}],"wp:attachment":[{"href":"https:\/\/irankiuzona.lt\/ru\/wp-json\/wp\/v2\/media?parent=254503"}],"wp:term":[{"taxonomy":"product_cat","embeddable":true,"href":"https:\/\/irankiuzona.lt\/ru\/wp-json\/wp\/v2\/product_cat?post=254503"},{"taxonomy":"product_tag","embeddable":true,"href":"https:\/\/irankiuzona.lt\/ru\/wp-json\/wp\/v2\/product_tag?post=254503"}],"curies":[{"name":"wp","href":"https:\/\/api.w.org\/{rel}","templated":true}]}}