{"id":254592,"date":"2024-09-29T10:40:17","date_gmt":"2024-09-29T10:40:17","guid":{"rendered":"https:\/\/irankiuzona.lt\/product\/hidraulinis-kranas-varikliui-2000kg-dvieju-greiciu\/"},"modified":"2026-04-11T06:54:16","modified_gmt":"2026-04-11T06:54:16","slug":"hidraulinis-kranas-varikliui-2000kg-dvieju-greiciu","status":"publish","type":"product","link":"https:\/\/irankiuzona.lt\/ru\/product\/hidraulinis-kranas-varikliui-2000kg-dvieju-greiciu\/","title":{"rendered":"Hidraulinis kranas varikliui 2000kg \/ dviej\u0173 grei\u010di\u0173"},"content":{"rendered":"<p>Plastikiniai ratukaiSulankstomasDu grei\u010diaiMax darbinis svoris 2tAuk\u0161tis 25 ~ 2350mmIlgis x plotis x auk\u0161tis 1520 x 1100 x 1500mmSvoris N.W.: 73.0kgSvoris G.W.: 76.0kgPakuot\u0117s matmenys: 650X580X90 (#1)Pakuot\u0117s matmenys: 1440X300X160 (#2)Spalva RAL GREY 7016 + ORANGE 2004<\/p>","protected":false},"excerpt":{"rendered":"<p>Hidraulinis kranas varikliui 2000kg \/ dviej\u0173 grei\u010di\u0173<\/p>","protected":false},"featured_media":254594,"comment_status":"open","ping_status":"open","template":"","meta":[],"product_cat":[9933],"product_tag":[9435],"class_list":{"0":"post-254592","1":"product","2":"type-product","3":"status-publish","4":"has-post-thumbnail","6":"product_brand-kinija","7":"product_cat-kranai-varikliui-iskelti","8":"product_tag-kinija","10":"first","11":"outofstock","12":"purchasable","13":"product-type-simple"},"jetpack_sharing_enabled":true,"_links":{"self":[{"href":"https:\/\/irankiuzona.lt\/ru\/wp-json\/wp\/v2\/product\/254592","targetHints":{"allow":["GET"]}}],"collection":[{"href":"https:\/\/irankiuzona.lt\/ru\/wp-json\/wp\/v2\/product"}],"about":[{"href":"https:\/\/irankiuzona.lt\/ru\/wp-json\/wp\/v2\/types\/product"}],"replies":[{"embeddable":true,"href":"https:\/\/irankiuzona.lt\/ru\/wp-json\/wp\/v2\/comments?post=254592"}],"version-history":[{"count":1,"href":"https:\/\/irankiuzona.lt\/ru\/wp-json\/wp\/v2\/product\/254592\/revisions"}],"predecessor-version":[{"id":420066,"href":"https:\/\/irankiuzona.lt\/ru\/wp-json\/wp\/v2\/product\/254592\/revisions\/420066"}],"wp:featuredmedia":[{"embeddable":true,"href":"https:\/\/irankiuzona.lt\/ru\/wp-json\/wp\/v2\/media\/254594"}],"wp:attachment":[{"href":"https:\/\/irankiuzona.lt\/ru\/wp-json\/wp\/v2\/media?parent=254592"}],"wp:term":[{"taxonomy":"product_cat","embeddable":true,"href":"https:\/\/irankiuzona.lt\/ru\/wp-json\/wp\/v2\/product_cat?post=254592"},{"taxonomy":"product_tag","embeddable":true,"href":"https:\/\/irankiuzona.lt\/ru\/wp-json\/wp\/v2\/product_tag?post=254592"}],"curies":[{"name":"wp","href":"https:\/\/api.w.org\/{rel}","templated":true}]}}