{"id":254642,"date":"2024-09-29T10:40:22","date_gmt":"2024-09-29T10:40:22","guid":{"rendered":"https:\/\/irankiuzona.lt\/product\/priedas-vezimeliui-surenkamas-deklas-su-smulkiais-skyriais\/"},"modified":"2026-04-20T18:11:01","modified_gmt":"2026-04-20T18:11:01","slug":"priedas-vezimeliui-surenkamas-deklas-su-smulkiais-skyriais","status":"publish","type":"product","link":"https:\/\/irankiuzona.lt\/ru\/product\/priedas-vezimeliui-surenkamas-deklas-su-smulkiais-skyriais\/","title":{"rendered":"Priedas ve\u017eim\u0117liui: surenkamas d\u0117klas su smulkiais skyriais"},"content":{"rendered":"<p>Drawer Divider System, for small parts<\/p>\n<p>for sorting small parts, e.g. in tool cabinets<br \/>\nsuitable for drawers with internal dimensions 55 x 570 x 400 mm (h x w x d)<br \/>\ndividing sheets in four dimensions and the high number of bars in the lengthwise and crosswise beams allow a multitude of individual subdivisions of the drawer<br \/>\nfor use in No. 7000, 7010, 7017 and 7029<br \/>\nscope of delivery:2 longitudinal beams with 30 bars5 cross beams with 19 bars6 separation sheets small, 93 mm2 separation sheets medium, 112 mm3 separation sheets large, 150 mm4 separation sheets extra large, 187 mm<\/p>","protected":false},"excerpt":{"rendered":"<p>Priedas ve\u017eim\u0117liui: stal\u010diaus skirstymo ma\u017eais skyreliais komplektas<\/p>","protected":false},"featured_media":254644,"comment_status":"open","ping_status":"open","template":"","meta":[],"product_cat":[9873],"product_tag":[9462],"class_list":{"0":"post-254642","1":"product","2":"type-product","3":"status-publish","4":"has-post-thumbnail","6":"product_brand-condor-werkzeug-vokietija","7":"product_cat-priedai-vezimeliams","8":"product_tag-condor-werkzeug-vokietija","10":"first","11":"instock","12":"purchasable","13":"product-type-simple"},"jetpack_sharing_enabled":true,"_links":{"self":[{"href":"https:\/\/irankiuzona.lt\/ru\/wp-json\/wp\/v2\/product\/254642","targetHints":{"allow":["GET"]}}],"collection":[{"href":"https:\/\/irankiuzona.lt\/ru\/wp-json\/wp\/v2\/product"}],"about":[{"href":"https:\/\/irankiuzona.lt\/ru\/wp-json\/wp\/v2\/types\/product"}],"replies":[{"embeddable":true,"href":"https:\/\/irankiuzona.lt\/ru\/wp-json\/wp\/v2\/comments?post=254642"}],"version-history":[{"count":1,"href":"https:\/\/irankiuzona.lt\/ru\/wp-json\/wp\/v2\/product\/254642\/revisions"}],"predecessor-version":[{"id":420079,"href":"https:\/\/irankiuzona.lt\/ru\/wp-json\/wp\/v2\/product\/254642\/revisions\/420079"}],"wp:featuredmedia":[{"embeddable":true,"href":"https:\/\/irankiuzona.lt\/ru\/wp-json\/wp\/v2\/media\/254644"}],"wp:attachment":[{"href":"https:\/\/irankiuzona.lt\/ru\/wp-json\/wp\/v2\/media?parent=254642"}],"wp:term":[{"taxonomy":"product_cat","embeddable":true,"href":"https:\/\/irankiuzona.lt\/ru\/wp-json\/wp\/v2\/product_cat?post=254642"},{"taxonomy":"product_tag","embeddable":true,"href":"https:\/\/irankiuzona.lt\/ru\/wp-json\/wp\/v2\/product_tag?post=254642"}],"curies":[{"name":"wp","href":"https:\/\/api.w.org\/{rel}","templated":true}]}}