{"id":254647,"date":"2024-09-29T10:40:23","date_gmt":"2024-09-29T10:40:23","guid":{"rendered":"https:\/\/irankiuzona.lt\/product\/priedas-vezimeliui-ivairiu-kabliuku-rinkinys-169vnt\/"},"modified":"2026-04-20T15:05:42","modified_gmt":"2026-04-20T15:05:42","slug":"priedas-vezimeliui-ivairiu-kabliuku-rinkinys-169vnt","status":"publish","type":"product","link":"https:\/\/irankiuzona.lt\/ru\/product\/priedas-vezimeliui-ivairiu-kabliuku-rinkinys-169vnt\/","title":{"rendered":"Priedas ve\u017eim\u0117liui: \u012fvairi\u0173 kabliuk\u0173 rinkinys 169vnt"},"content":{"rendered":"<p>Hook Assortment for Workbench, 169 pcs.<\/p>\n<p>ideal also suitable for tool cabinets No. 7000, 7010, 7017 and 7029<br \/>\nContent:20 x Single Hook, bent hook end 45\u00b0, 50 mm20 x Single Hook, bent hook end 45\u00b0, 100 mm20 x Single Hook, bent hook end 90\u00b0, 35 mm10 x Twin Hook, bent hook end 45\u00b0, 65 mm10 x Twin Hook, bent hook end 45\u00b0, 95 mm10 x Twin Hook, bent hook end 90\u00b0, 35 mm10 x Twin Hook, bent hook end 90\u00b0, 50 mm10 x Twin Hook, bent hook end 90\u00b0, 75 mm10 x Tool Clamp, 10 mm10 x Tool Clamp, 13 mm10 x Tool Clamp, 16 mm10 x Tool Clamp, 19 mm10 x Pliers Holder3 x Power Tool Holder, 40 mm3 x Power Tool Holder, 60 mm3 x Power Tool Holder, 80 mm<\/p>","protected":false},"excerpt":{"rendered":"<p>Kabliuk\u0173\u00a0komplektas darbastaliui, \u012franki\u0173 ve\u017eim\u0117liui, \u012franki\u0173 spintelei &#8211; 169vnt.<\/p>","protected":false},"featured_media":254649,"comment_status":"open","ping_status":"closed","template":"","meta":[],"product_cat":[9873],"product_tag":[9462],"class_list":{"0":"post-254647","1":"product","2":"type-product","3":"status-publish","4":"has-post-thumbnail","6":"product_brand-condor-werkzeug-vokietija","7":"product_cat-priedai-vezimeliams","8":"product_tag-condor-werkzeug-vokietija","10":"first","11":"instock","12":"purchasable","13":"product-type-simple"},"jetpack_sharing_enabled":true,"_links":{"self":[{"href":"https:\/\/irankiuzona.lt\/ru\/wp-json\/wp\/v2\/product\/254647","targetHints":{"allow":["GET"]}}],"collection":[{"href":"https:\/\/irankiuzona.lt\/ru\/wp-json\/wp\/v2\/product"}],"about":[{"href":"https:\/\/irankiuzona.lt\/ru\/wp-json\/wp\/v2\/types\/product"}],"replies":[{"embeddable":true,"href":"https:\/\/irankiuzona.lt\/ru\/wp-json\/wp\/v2\/comments?post=254647"}],"version-history":[{"count":1,"href":"https:\/\/irankiuzona.lt\/ru\/wp-json\/wp\/v2\/product\/254647\/revisions"}],"predecessor-version":[{"id":420081,"href":"https:\/\/irankiuzona.lt\/ru\/wp-json\/wp\/v2\/product\/254647\/revisions\/420081"}],"wp:featuredmedia":[{"embeddable":true,"href":"https:\/\/irankiuzona.lt\/ru\/wp-json\/wp\/v2\/media\/254649"}],"wp:attachment":[{"href":"https:\/\/irankiuzona.lt\/ru\/wp-json\/wp\/v2\/media?parent=254647"}],"wp:term":[{"taxonomy":"product_cat","embeddable":true,"href":"https:\/\/irankiuzona.lt\/ru\/wp-json\/wp\/v2\/product_cat?post=254647"},{"taxonomy":"product_tag","embeddable":true,"href":"https:\/\/irankiuzona.lt\/ru\/wp-json\/wp\/v2\/product_tag?post=254647"}],"curies":[{"name":"wp","href":"https:\/\/api.w.org\/{rel}","templated":true}]}}