{"id":254650,"date":"2024-09-29T10:40:23","date_gmt":"2024-09-29T10:40:23","guid":{"rendered":"https:\/\/irankiuzona.lt\/product\/spec-galvutes-sugadintiems-varztams-3-4-27-41mm\/"},"modified":"2026-04-20T13:31:29","modified_gmt":"2026-04-20T13:31:29","slug":"spec-galvutes-sugadintiems-varztams-3-4-27-41mm","status":"publish","type":"product","link":"https:\/\/irankiuzona.lt\/ru\/product\/spec-galvutes-sugadintiems-varztams-3-4-27-41mm\/","title":{"rendered":"Spec. galvut\u0117s sugadintiems var\u017etams 3\/4 27-41mm"},"content":{"rendered":"<p>Lizdas &#8211; 3\/4Cr-MoKomplektas:\u00a027, 30, 32, 33, 34, 36, 38, 41 mmXcessPerformanceSpecialist Sockets, twist profile, 9 pcs., 3\/4&quot;, 27-41 mm<\/p>\n<p>for removing damaged or rounded nuts and bolts<br \/>\naggressive twist profile<br \/>\nincludes punch<\/p>","protected":false},"excerpt":{"rendered":"<p>Spec sukto profilio galv\u0173 komplektas sugadint\u0173 var\u017et\u0173 atsukimui 3\/4 27-41mm<\/p>","protected":false},"featured_media":254652,"comment_status":"open","ping_status":"open","template":"","meta":[],"product_cat":[9500],"product_tag":[9462],"class_list":{"0":"post-254650","1":"product","2":"type-product","3":"status-publish","4":"has-post-thumbnail","6":"product_brand-condor-werkzeug-vokietija","7":"product_cat-galvuciu-komplektai-sugadintiems-varztams","8":"product_tag-condor-werkzeug-vokietija","10":"first","11":"instock","12":"purchasable","13":"product-type-simple"},"jetpack_sharing_enabled":true,"_links":{"self":[{"href":"https:\/\/irankiuzona.lt\/ru\/wp-json\/wp\/v2\/product\/254650","targetHints":{"allow":["GET"]}}],"collection":[{"href":"https:\/\/irankiuzona.lt\/ru\/wp-json\/wp\/v2\/product"}],"about":[{"href":"https:\/\/irankiuzona.lt\/ru\/wp-json\/wp\/v2\/types\/product"}],"replies":[{"embeddable":true,"href":"https:\/\/irankiuzona.lt\/ru\/wp-json\/wp\/v2\/comments?post=254650"}],"version-history":[{"count":1,"href":"https:\/\/irankiuzona.lt\/ru\/wp-json\/wp\/v2\/product\/254650\/revisions"}],"predecessor-version":[{"id":420082,"href":"https:\/\/irankiuzona.lt\/ru\/wp-json\/wp\/v2\/product\/254650\/revisions\/420082"}],"wp:featuredmedia":[{"embeddable":true,"href":"https:\/\/irankiuzona.lt\/ru\/wp-json\/wp\/v2\/media\/254652"}],"wp:attachment":[{"href":"https:\/\/irankiuzona.lt\/ru\/wp-json\/wp\/v2\/media?parent=254650"}],"wp:term":[{"taxonomy":"product_cat","embeddable":true,"href":"https:\/\/irankiuzona.lt\/ru\/wp-json\/wp\/v2\/product_cat?post=254650"},{"taxonomy":"product_tag","embeddable":true,"href":"https:\/\/irankiuzona.lt\/ru\/wp-json\/wp\/v2\/product_tag?post=254650"}],"curies":[{"name":"wp","href":"https:\/\/api.w.org\/{rel}","templated":true}]}}