{"id":254672,"date":"2024-09-29T10:40:26","date_gmt":"2024-09-29T10:40:26","guid":{"rendered":"https:\/\/irankiuzona.lt\/product\/spec-3-8-galvute-alyvos-isleidimo-kamsciui-psa\/"},"modified":"2026-05-16T19:41:49","modified_gmt":"2026-05-16T19:41:49","slug":"spec-3-8-galvute-alyvos-isleidimo-kamsciui-psa","status":"publish","type":"product","link":"https:\/\/irankiuzona.lt\/ru\/product\/spec-3-8-galvute-alyvos-isleidimo-kamsciui-psa\/","title":{"rendered":"Spec 3\/8 galvut\u0117 alyvos i\u0161leidimo kam\u0161\u010diui PSA"},"content":{"rendered":"<p>Special Adapter, for oil drain plugs, 3\/8&quot;, PSA<\/p>\n<p>for vehicles with oil drain plugs made from synthetic material<br \/>\nspecial profile for loosening and tightening without damage<br \/>\nfor oil drain plugs like OEM 9801444780 \/ 1871598<\/p>","protected":false},"excerpt":{"rendered":"<p>Spec galvut\u0117 plastikiniam tepalo var\u017etui PSA &#8211;\u00a0CITRO\u00cbN, FORD, PEUGEOT<\/p>","protected":false},"featured_media":254674,"comment_status":"open","ping_status":"open","template":"","meta":[],"product_cat":[9577],"product_tag":[9462],"class_list":{"0":"post-254672","1":"product","2":"type-product","3":"status-publish","4":"has-post-thumbnail","6":"product_brand-condor-werkzeug-vokietija","7":"product_cat-galvutes-antgaliai","8":"product_tag-condor-werkzeug-vokietija","10":"first","11":"instock","12":"purchasable","13":"product-type-simple"},"jetpack_sharing_enabled":true,"_links":{"self":[{"href":"https:\/\/irankiuzona.lt\/ru\/wp-json\/wp\/v2\/product\/254672","targetHints":{"allow":["GET"]}}],"collection":[{"href":"https:\/\/irankiuzona.lt\/ru\/wp-json\/wp\/v2\/product"}],"about":[{"href":"https:\/\/irankiuzona.lt\/ru\/wp-json\/wp\/v2\/types\/product"}],"replies":[{"embeddable":true,"href":"https:\/\/irankiuzona.lt\/ru\/wp-json\/wp\/v2\/comments?post=254672"}],"version-history":[{"count":1,"href":"https:\/\/irankiuzona.lt\/ru\/wp-json\/wp\/v2\/product\/254672\/revisions"}],"predecessor-version":[{"id":420089,"href":"https:\/\/irankiuzona.lt\/ru\/wp-json\/wp\/v2\/product\/254672\/revisions\/420089"}],"wp:featuredmedia":[{"embeddable":true,"href":"https:\/\/irankiuzona.lt\/ru\/wp-json\/wp\/v2\/media\/254674"}],"wp:attachment":[{"href":"https:\/\/irankiuzona.lt\/ru\/wp-json\/wp\/v2\/media?parent=254672"}],"wp:term":[{"taxonomy":"product_cat","embeddable":true,"href":"https:\/\/irankiuzona.lt\/ru\/wp-json\/wp\/v2\/product_cat?post=254672"},{"taxonomy":"product_tag","embeddable":true,"href":"https:\/\/irankiuzona.lt\/ru\/wp-json\/wp\/v2\/product_tag?post=254672"}],"curies":[{"name":"wp","href":"https:\/\/api.w.org\/{rel}","templated":true}]}}