{"id":254684,"date":"2024-09-29T10:40:27","date_gmt":"2024-09-29T10:40:27","guid":{"rendered":"https:\/\/irankiuzona.lt\/product\/spec-3-8-galvute-alyvos-isleidimo-kamsciui-mercedes\/"},"modified":"2026-04-15T04:22:03","modified_gmt":"2026-04-15T04:22:03","slug":"spec-3-8-galvute-alyvos-isleidimo-kamsciui-mercedes","status":"publish","type":"product","link":"https:\/\/irankiuzona.lt\/ru\/product\/spec-3-8-galvute-alyvos-isleidimo-kamsciui-mercedes\/","title":{"rendered":"Spec 3\/8 galvut\u0117 alyvos i\u0161leidimo kam\u0161\u010diui MERCEDES"},"content":{"rendered":"<p>Special Adapter, for oil drain plugs, 3\/8&quot;, Mercedes<\/p>\n<p>for vehicles with oil drain plugs made from synthetic material<br \/>\nspecial profile for loosening and tightening without damage<br \/>\nfor oil drain plugs like OEM 0029902017<\/p>","protected":false},"excerpt":{"rendered":"<p>Spec galvut\u0117 plastikiniam tepalo var\u017etui MERCEDES\u00a0<\/p>","protected":false},"featured_media":254686,"comment_status":"open","ping_status":"open","template":"","meta":[],"product_cat":[9577],"product_tag":[9462],"class_list":{"0":"post-254684","1":"product","2":"type-product","3":"status-publish","4":"has-post-thumbnail","6":"product_brand-condor-werkzeug-vokietija","7":"product_cat-galvutes-antgaliai","8":"product_tag-condor-werkzeug-vokietija","10":"first","11":"instock","12":"purchasable","13":"product-type-simple"},"jetpack_sharing_enabled":true,"_links":{"self":[{"href":"https:\/\/irankiuzona.lt\/ru\/wp-json\/wp\/v2\/product\/254684","targetHints":{"allow":["GET"]}}],"collection":[{"href":"https:\/\/irankiuzona.lt\/ru\/wp-json\/wp\/v2\/product"}],"about":[{"href":"https:\/\/irankiuzona.lt\/ru\/wp-json\/wp\/v2\/types\/product"}],"replies":[{"embeddable":true,"href":"https:\/\/irankiuzona.lt\/ru\/wp-json\/wp\/v2\/comments?post=254684"}],"version-history":[{"count":1,"href":"https:\/\/irankiuzona.lt\/ru\/wp-json\/wp\/v2\/product\/254684\/revisions"}],"predecessor-version":[{"id":420093,"href":"https:\/\/irankiuzona.lt\/ru\/wp-json\/wp\/v2\/product\/254684\/revisions\/420093"}],"wp:featuredmedia":[{"embeddable":true,"href":"https:\/\/irankiuzona.lt\/ru\/wp-json\/wp\/v2\/media\/254686"}],"wp:attachment":[{"href":"https:\/\/irankiuzona.lt\/ru\/wp-json\/wp\/v2\/media?parent=254684"}],"wp:term":[{"taxonomy":"product_cat","embeddable":true,"href":"https:\/\/irankiuzona.lt\/ru\/wp-json\/wp\/v2\/product_cat?post=254684"},{"taxonomy":"product_tag","embeddable":true,"href":"https:\/\/irankiuzona.lt\/ru\/wp-json\/wp\/v2\/product_tag?post=254684"}],"curies":[{"name":"wp","href":"https:\/\/api.w.org\/{rel}","templated":true}]}}