{"id":254690,"date":"2024-09-29T10:40:28","date_gmt":"2024-09-29T10:40:28","guid":{"rendered":"https:\/\/irankiuzona.lt\/product\/variklio-fiksatorius-bmw-mini-b37-b38-b46-b47-b48\/"},"modified":"2026-04-20T08:54:39","modified_gmt":"2026-04-20T08:54:39","slug":"variklio-fiksatorius-bmw-mini-b37-b38-b46-b47-b48","status":"publish","type":"product","link":"https:\/\/irankiuzona.lt\/ru\/product\/variklio-fiksatorius-bmw-mini-b37-b38-b46-b47-b48\/","title":{"rendered":"Variklio fiksatorius BMW\/Mini B37, B38, B46, B47, B48"},"content":{"rendered":"<p>Locking Tool Set, BMW \/ Mini, 2 pcs.<\/p>\n<p>for 1.2, 1.5, 1.6, and 2.0 L petrol engines with 3 and 4 cylinders and 1.5 and 2.0 L diesel engines with 3 and 4 cylinders<br \/>\nin BMW series 1, 2, 3, 4, 5, 7, i8, X1, X2, X3, X4 and Z4<br \/>\nin Mini Clubman, Convertible, Hatch and One<br \/>\nfor locking the crankshaft and flywheel (on automatic gearboxes)<br \/>\nfor timing chain replacement or engine repair<\/p>\n<p>for engine codes:\u00a0B37, B38, B46, B47, B48BMW OEM\u00a02288380 \/ 2365488<\/p>","protected":false},"excerpt":{"rendered":"<p>Variklio fiksavimo komplektas BMW alk\u016bninio veleno ir smagra\u010dio fiksavimui (automatin\u0117ms grei\u010di\u0173 d\u0117\u017e\u0117ms) &#8211;\u00a02288380 \/ 2365488<\/p>","protected":false},"featured_media":254692,"comment_status":"open","ping_status":"open","template":"","meta":[],"product_cat":[9689],"product_tag":[9462],"class_list":{"0":"post-254690","1":"product","2":"type-product","3":"status-publish","4":"has-post-thumbnail","6":"product_brand-condor-werkzeug-vokietija","7":"product_cat-bmw-blokatoriai","8":"product_tag-condor-werkzeug-vokietija","10":"first","11":"instock","12":"purchasable","13":"product-type-simple"},"jetpack_sharing_enabled":true,"_links":{"self":[{"href":"https:\/\/irankiuzona.lt\/ru\/wp-json\/wp\/v2\/product\/254690","targetHints":{"allow":["GET"]}}],"collection":[{"href":"https:\/\/irankiuzona.lt\/ru\/wp-json\/wp\/v2\/product"}],"about":[{"href":"https:\/\/irankiuzona.lt\/ru\/wp-json\/wp\/v2\/types\/product"}],"replies":[{"embeddable":true,"href":"https:\/\/irankiuzona.lt\/ru\/wp-json\/wp\/v2\/comments?post=254690"}],"version-history":[{"count":1,"href":"https:\/\/irankiuzona.lt\/ru\/wp-json\/wp\/v2\/product\/254690\/revisions"}],"predecessor-version":[{"id":420095,"href":"https:\/\/irankiuzona.lt\/ru\/wp-json\/wp\/v2\/product\/254690\/revisions\/420095"}],"wp:featuredmedia":[{"embeddable":true,"href":"https:\/\/irankiuzona.lt\/ru\/wp-json\/wp\/v2\/media\/254692"}],"wp:attachment":[{"href":"https:\/\/irankiuzona.lt\/ru\/wp-json\/wp\/v2\/media?parent=254690"}],"wp:term":[{"taxonomy":"product_cat","embeddable":true,"href":"https:\/\/irankiuzona.lt\/ru\/wp-json\/wp\/v2\/product_cat?post=254690"},{"taxonomy":"product_tag","embeddable":true,"href":"https:\/\/irankiuzona.lt\/ru\/wp-json\/wp\/v2\/product_tag?post=254690"}],"curies":[{"name":"wp","href":"https:\/\/api.w.org\/{rel}","templated":true}]}}