{"id":254720,"date":"2024-09-29T10:40:31","date_gmt":"2024-09-29T10:40:31","guid":{"rendered":"https:\/\/irankiuzona.lt\/product\/raktas-bmw-smagracio-varztams-1-2-t60-torx\/"},"modified":"2026-04-05T04:39:09","modified_gmt":"2026-04-05T04:39:09","slug":"raktas-bmw-smagracio-varztams-1-2-t60-torx","status":"publish","type":"product","link":"https:\/\/irankiuzona.lt\/ru\/product\/raktas-bmw-smagracio-varztams-1-2-t60-torx\/","title":{"rendered":"Raktas BMW smagra\u010dio var\u017etams, 1\/2 &quot;, T60 TORX"},"content":{"rendered":"<p>Special nut for flywheel bolts, 1\/2&quot; ,T-profile T60<\/p>\n<p>in BMW \/ Mini<br \/>\nfor loosening flywheel mounting bolts, which are sometimes difficult to reach<br \/>\nwhen changing the flywheel or engine gasket<br \/>\nfor timing chain replacement or engine repair<\/p>\n<p>BMW OEM\u00a0114180<\/p>","protected":false},"excerpt":{"rendered":"<p>Speciali galvut\u0117 BMW smagra\u010dio var\u017etui TORX T-60 \/ BMW-114180<\/p>","protected":false},"featured_media":254722,"comment_status":"open","ping_status":"open","template":"","meta":[],"product_cat":[9690],"product_tag":[9462],"class_list":{"0":"post-254720","1":"product","2":"type-product","3":"status-publish","4":"has-post-thumbnail","6":"product_brand-condor-werkzeug-vokietija","7":"product_cat-irankiai-smagraciui","8":"product_tag-condor-werkzeug-vokietija","10":"first","11":"instock","12":"purchasable","13":"product-type-simple"},"jetpack_sharing_enabled":true,"_links":{"self":[{"href":"https:\/\/irankiuzona.lt\/ru\/wp-json\/wp\/v2\/product\/254720","targetHints":{"allow":["GET"]}}],"collection":[{"href":"https:\/\/irankiuzona.lt\/ru\/wp-json\/wp\/v2\/product"}],"about":[{"href":"https:\/\/irankiuzona.lt\/ru\/wp-json\/wp\/v2\/types\/product"}],"replies":[{"embeddable":true,"href":"https:\/\/irankiuzona.lt\/ru\/wp-json\/wp\/v2\/comments?post=254720"}],"version-history":[{"count":0,"href":"https:\/\/irankiuzona.lt\/ru\/wp-json\/wp\/v2\/product\/254720\/revisions"}],"wp:featuredmedia":[{"embeddable":true,"href":"https:\/\/irankiuzona.lt\/ru\/wp-json\/wp\/v2\/media\/254722"}],"wp:attachment":[{"href":"https:\/\/irankiuzona.lt\/ru\/wp-json\/wp\/v2\/media?parent=254720"}],"wp:term":[{"taxonomy":"product_cat","embeddable":true,"href":"https:\/\/irankiuzona.lt\/ru\/wp-json\/wp\/v2\/product_cat?post=254720"},{"taxonomy":"product_tag","embeddable":true,"href":"https:\/\/irankiuzona.lt\/ru\/wp-json\/wp\/v2\/product_tag?post=254720"}],"curies":[{"name":"wp","href":"https:\/\/api.w.org\/{rel}","templated":true}]}}