{"id":254747,"date":"2024-09-29T10:40:33","date_gmt":"2024-09-29T10:40:33","guid":{"rendered":"https:\/\/irankiuzona.lt\/product\/irankiu-komplektas-slapukams-atsukti\/"},"modified":"2026-04-13T00:55:36","modified_gmt":"2026-04-13T00:55:36","slug":"irankiu-komplektas-slapukams-atsukti","status":"publish","type":"product","link":"https:\/\/irankiuzona.lt\/ru\/product\/irankiu-komplektas-slapukams-atsukti\/","title":{"rendered":"\u012eranki\u0173 komplektas slapukams atsukti"},"content":{"rendered":"","protected":false},"excerpt":{"rendered":"<p>Universalus rat\u0173 var\u017et\u0173 slapuk\u0173 atsukimo komplektas, prisitaikantis pagal speciali\u0105 form\u0105<\/p>","protected":false},"featured_media":254749,"comment_status":"open","ping_status":"open","template":"","meta":[],"product_cat":[9797],"product_tag":[9435],"class_list":{"0":"post-254747","1":"product","2":"type-product","3":"status-publish","4":"has-post-thumbnail","6":"product_brand-kinija","7":"product_cat-irankiai-ratu-slapukams-atsukti","8":"product_tag-kinija","10":"first","11":"instock","12":"purchasable","13":"product-type-simple"},"jetpack_sharing_enabled":true,"_links":{"self":[{"href":"https:\/\/irankiuzona.lt\/ru\/wp-json\/wp\/v2\/product\/254747","targetHints":{"allow":["GET"]}}],"collection":[{"href":"https:\/\/irankiuzona.lt\/ru\/wp-json\/wp\/v2\/product"}],"about":[{"href":"https:\/\/irankiuzona.lt\/ru\/wp-json\/wp\/v2\/types\/product"}],"replies":[{"embeddable":true,"href":"https:\/\/irankiuzona.lt\/ru\/wp-json\/wp\/v2\/comments?post=254747"}],"version-history":[{"count":1,"href":"https:\/\/irankiuzona.lt\/ru\/wp-json\/wp\/v2\/product\/254747\/revisions"}],"predecessor-version":[{"id":420114,"href":"https:\/\/irankiuzona.lt\/ru\/wp-json\/wp\/v2\/product\/254747\/revisions\/420114"}],"wp:featuredmedia":[{"embeddable":true,"href":"https:\/\/irankiuzona.lt\/ru\/wp-json\/wp\/v2\/media\/254749"}],"wp:attachment":[{"href":"https:\/\/irankiuzona.lt\/ru\/wp-json\/wp\/v2\/media?parent=254747"}],"wp:term":[{"taxonomy":"product_cat","embeddable":true,"href":"https:\/\/irankiuzona.lt\/ru\/wp-json\/wp\/v2\/product_cat?post=254747"},{"taxonomy":"product_tag","embeddable":true,"href":"https:\/\/irankiuzona.lt\/ru\/wp-json\/wp\/v2\/product_tag?post=254747"}],"curies":[{"name":"wp","href":"https:\/\/api.w.org\/{rel}","templated":true}]}}