{"id":254750,"date":"2024-09-29T10:40:33","date_gmt":"2024-09-29T10:40:33","guid":{"rendered":"https:\/\/irankiuzona.lt\/product\/kondicionieriu-zarneliu-sujungimu-atjungeju-komplektas\/"},"modified":"2026-04-13T04:36:46","modified_gmt":"2026-04-13T04:36:46","slug":"kondicionieriu-zarneliu-sujungimu-atjungeju-komplektas","status":"publish","type":"product","link":"https:\/\/irankiuzona.lt\/ru\/product\/kondicionieriu-zarneliu-sujungimu-atjungeju-komplektas\/","title":{"rendered":"Kondicionieri\u0173 \u017earneli\u0173 sujungim\u0173 atjung\u0117j\u0173 komplektas"},"content":{"rendered":"","protected":false},"excerpt":{"rendered":"<p>Kondicionieri\u0173 ir kuro \u017earneli\u0173 sujungim\u0173 atjung\u0117jai<\/p>","protected":false},"featured_media":189698,"comment_status":"open","ping_status":"open","template":"","meta":[],"product_cat":[9585],"product_tag":[9435],"class_list":{"0":"post-254750","1":"product","2":"type-product","3":"status-publish","4":"has-post-thumbnail","6":"product_brand-kinija","7":"product_cat-irankiai-kuro-vamzdeliams","8":"product_tag-kinija","10":"first","11":"outofstock","12":"purchasable","13":"product-type-simple"},"jetpack_sharing_enabled":true,"_links":{"self":[{"href":"https:\/\/irankiuzona.lt\/ru\/wp-json\/wp\/v2\/product\/254750","targetHints":{"allow":["GET"]}}],"collection":[{"href":"https:\/\/irankiuzona.lt\/ru\/wp-json\/wp\/v2\/product"}],"about":[{"href":"https:\/\/irankiuzona.lt\/ru\/wp-json\/wp\/v2\/types\/product"}],"replies":[{"embeddable":true,"href":"https:\/\/irankiuzona.lt\/ru\/wp-json\/wp\/v2\/comments?post=254750"}],"version-history":[{"count":1,"href":"https:\/\/irankiuzona.lt\/ru\/wp-json\/wp\/v2\/product\/254750\/revisions"}],"predecessor-version":[{"id":420115,"href":"https:\/\/irankiuzona.lt\/ru\/wp-json\/wp\/v2\/product\/254750\/revisions\/420115"}],"wp:featuredmedia":[{"embeddable":true,"href":"https:\/\/irankiuzona.lt\/ru\/wp-json\/wp\/v2\/media\/189698"}],"wp:attachment":[{"href":"https:\/\/irankiuzona.lt\/ru\/wp-json\/wp\/v2\/media?parent=254750"}],"wp:term":[{"taxonomy":"product_cat","embeddable":true,"href":"https:\/\/irankiuzona.lt\/ru\/wp-json\/wp\/v2\/product_cat?post=254750"},{"taxonomy":"product_tag","embeddable":true,"href":"https:\/\/irankiuzona.lt\/ru\/wp-json\/wp\/v2\/product_tag?post=254750"}],"curies":[{"name":"wp","href":"https:\/\/api.w.org\/{rel}","templated":true}]}}