{"id":254752,"date":"2024-09-29T10:40:34","date_gmt":"2024-09-29T10:40:34","guid":{"rendered":"https:\/\/irankiuzona.lt\/product\/presavimo-varztu-komplektas-m10-m16-350mm\/"},"modified":"2026-04-13T06:25:32","modified_gmt":"2026-04-13T06:25:32","slug":"presavimo-varztu-komplektas-m10-m16-350mm","status":"publish","type":"product","link":"https:\/\/irankiuzona.lt\/ru\/product\/presavimo-varztu-komplektas-m10-m16-350mm\/","title":{"rendered":"Presavimo var\u017et\u0173 komplektas M10-M16 (350mm)"},"content":{"rendered":"<p>Va\u017eiuokl\u0117s presavimo var\u017etai: M10, M12, M14, M16Ilgis: 350mm<\/p>","protected":false},"excerpt":{"rendered":"<p>Guoli\u0173 ir sailentblok\u0173 presavimo var\u017et\u0173 su guoliukais 4 dali\u0173 komplektas (M10-M12-M14-M16), 350mm ilgio<\/p>","protected":false},"featured_media":254754,"comment_status":"open","ping_status":"open","template":"","meta":[],"product_cat":[9731],"product_tag":[9435],"class_list":{"0":"post-254752","1":"product","2":"type-product","3":"status-publish","4":"has-post-thumbnail","6":"product_brand-kinija","7":"product_cat-guoliu-sailentbloku-presavimo-irankiai","8":"product_tag-kinija","10":"first","11":"outofstock","12":"purchasable","13":"product-type-simple"},"jetpack_sharing_enabled":true,"_links":{"self":[{"href":"https:\/\/irankiuzona.lt\/ru\/wp-json\/wp\/v2\/product\/254752","targetHints":{"allow":["GET"]}}],"collection":[{"href":"https:\/\/irankiuzona.lt\/ru\/wp-json\/wp\/v2\/product"}],"about":[{"href":"https:\/\/irankiuzona.lt\/ru\/wp-json\/wp\/v2\/types\/product"}],"replies":[{"embeddable":true,"href":"https:\/\/irankiuzona.lt\/ru\/wp-json\/wp\/v2\/comments?post=254752"}],"version-history":[{"count":1,"href":"https:\/\/irankiuzona.lt\/ru\/wp-json\/wp\/v2\/product\/254752\/revisions"}],"predecessor-version":[{"id":420116,"href":"https:\/\/irankiuzona.lt\/ru\/wp-json\/wp\/v2\/product\/254752\/revisions\/420116"}],"wp:featuredmedia":[{"embeddable":true,"href":"https:\/\/irankiuzona.lt\/ru\/wp-json\/wp\/v2\/media\/254754"}],"wp:attachment":[{"href":"https:\/\/irankiuzona.lt\/ru\/wp-json\/wp\/v2\/media?parent=254752"}],"wp:term":[{"taxonomy":"product_cat","embeddable":true,"href":"https:\/\/irankiuzona.lt\/ru\/wp-json\/wp\/v2\/product_cat?post=254752"},{"taxonomy":"product_tag","embeddable":true,"href":"https:\/\/irankiuzona.lt\/ru\/wp-json\/wp\/v2\/product_tag?post=254752"}],"curies":[{"name":"wp","href":"https:\/\/api.w.org\/{rel}","templated":true}]}}