{"id":254758,"date":"2024-09-29T10:40:34","date_gmt":"2024-09-29T10:40:34","guid":{"rendered":"https:\/\/irankiuzona.lt\/product\/pdr-plokste-kebulo-remontui-su-apsvietimu\/"},"modified":"2026-04-16T14:30:30","modified_gmt":"2026-04-16T14:30:30","slug":"pdr-plokste-kebulo-remontui-su-apsvietimu","status":"publish","type":"product","link":"https:\/\/irankiuzona.lt\/ru\/product\/pdr-plokste-kebulo-remontui-su-apsvietimu\/","title":{"rendered":"PDR plok\u0161t\u0117 k\u0117bulo remontui su ap\u0161vietimu"},"content":{"rendered":"<p>Meninio k\u0117bulo lyginimo \u012frankis, skirtas matyti nelygimus ant k\u0117bulo.<\/p>","protected":false},"excerpt":{"rendered":"<p>PDR plok\u0161t\u0117 &#8211; at\u0161vaitas su pa\u0161vietimu \/ k\u0117bulo meninis lyginimas<\/p>","protected":false},"featured_media":254760,"comment_status":"open","ping_status":"open","template":"","meta":[],"product_cat":[9556],"product_tag":[9435],"class_list":{"0":"post-254758","1":"product","2":"type-product","3":"status-publish","4":"has-post-thumbnail","6":"product_brand-kinija","7":"product_cat-irankiai-kebulo-lyginimui","8":"product_tag-kinija","10":"first","11":"outofstock","12":"purchasable","13":"product-type-simple"},"jetpack_sharing_enabled":true,"_links":{"self":[{"href":"https:\/\/irankiuzona.lt\/ru\/wp-json\/wp\/v2\/product\/254758","targetHints":{"allow":["GET"]}}],"collection":[{"href":"https:\/\/irankiuzona.lt\/ru\/wp-json\/wp\/v2\/product"}],"about":[{"href":"https:\/\/irankiuzona.lt\/ru\/wp-json\/wp\/v2\/types\/product"}],"replies":[{"embeddable":true,"href":"https:\/\/irankiuzona.lt\/ru\/wp-json\/wp\/v2\/comments?post=254758"}],"version-history":[{"count":1,"href":"https:\/\/irankiuzona.lt\/ru\/wp-json\/wp\/v2\/product\/254758\/revisions"}],"predecessor-version":[{"id":420118,"href":"https:\/\/irankiuzona.lt\/ru\/wp-json\/wp\/v2\/product\/254758\/revisions\/420118"}],"wp:featuredmedia":[{"embeddable":true,"href":"https:\/\/irankiuzona.lt\/ru\/wp-json\/wp\/v2\/media\/254760"}],"wp:attachment":[{"href":"https:\/\/irankiuzona.lt\/ru\/wp-json\/wp\/v2\/media?parent=254758"}],"wp:term":[{"taxonomy":"product_cat","embeddable":true,"href":"https:\/\/irankiuzona.lt\/ru\/wp-json\/wp\/v2\/product_cat?post=254758"},{"taxonomy":"product_tag","embeddable":true,"href":"https:\/\/irankiuzona.lt\/ru\/wp-json\/wp\/v2\/product_tag?post=254758"}],"curies":[{"name":"wp","href":"https:\/\/api.w.org\/{rel}","templated":true}]}}