{"id":254893,"date":"2024-09-29T10:40:48","date_gmt":"2024-09-29T10:40:48","guid":{"rendered":"https:\/\/irankiuzona.lt\/product\/dvigubo-ziedo-ilgu-kombinuotu-terksliniu-raktu-komplektas-8-19-mm\/"},"modified":"2026-05-14T20:34:55","modified_gmt":"2026-05-14T20:34:55","slug":"dvigubo-ziedo-ilgu-kombinuotu-terksliniu-raktu-komplektas-8-19-mm","status":"publish","type":"product","link":"https:\/\/irankiuzona.lt\/ru\/product\/dvigubo-ziedo-ilgu-kombinuotu-terksliniu-raktu-komplektas-8-19-mm\/","title":{"rendered":"Dvigubo \u017eiedo \/ ilg\u0173 kombinuot\u0173 + terk\u0161lini\u0173 rakt\u0173 komplektas (8-19 mm)"},"content":{"rendered":"<p>Spanners with one end standard ring and the other gear ratchet ring. Complete with drive adapters for sockets and bits.Sizes: 8. 10. 12. 13. 14. 15. 16. 17. 18. 19mm1 &#8211; 1\/4&quot;&quot; Dr Socket Adapter1 &#8211; 3\/8&quot;&quot; Dr Socket Adapter1 &#8211; 1\/2&quot;&quot; Dr Socket Adapter1 &#8211; 1\/4&quot;&quot; Hex (F) x Bit AdapterLengths:8mm x 237mm10mm x 292mm12mm x 327mm13mm x 347mm14mm x 367mm15mm x 374mm16mm x 390mm17mm x 407mm18mm x 412mm19mm x 420mm&quot;<\/p>","protected":false},"excerpt":{"rendered":"<p>Dvigubo \u017eiedo \/ ilg\u0173 kombinuot\u0173 + terk\u0161lini\u0173 rakt\u0173 komplektas (8-19 mm)<\/p>","protected":false},"featured_media":254895,"comment_status":"open","ping_status":"open","template":"","meta":[],"product_cat":[9610],"product_tag":[],"class_list":{"0":"post-254893","1":"product","2":"type-product","3":"status-publish","4":"has-post-thumbnail","6":"product_cat-terksliniu-raktu-komplektai","8":"first","9":"outofstock","10":"purchasable","11":"product-type-simple"},"jetpack_sharing_enabled":true,"_links":{"self":[{"href":"https:\/\/irankiuzona.lt\/ru\/wp-json\/wp\/v2\/product\/254893","targetHints":{"allow":["GET"]}}],"collection":[{"href":"https:\/\/irankiuzona.lt\/ru\/wp-json\/wp\/v2\/product"}],"about":[{"href":"https:\/\/irankiuzona.lt\/ru\/wp-json\/wp\/v2\/types\/product"}],"replies":[{"embeddable":true,"href":"https:\/\/irankiuzona.lt\/ru\/wp-json\/wp\/v2\/comments?post=254893"}],"version-history":[{"count":1,"href":"https:\/\/irankiuzona.lt\/ru\/wp-json\/wp\/v2\/product\/254893\/revisions"}],"predecessor-version":[{"id":420160,"href":"https:\/\/irankiuzona.lt\/ru\/wp-json\/wp\/v2\/product\/254893\/revisions\/420160"}],"wp:featuredmedia":[{"embeddable":true,"href":"https:\/\/irankiuzona.lt\/ru\/wp-json\/wp\/v2\/media\/254895"}],"wp:attachment":[{"href":"https:\/\/irankiuzona.lt\/ru\/wp-json\/wp\/v2\/media?parent=254893"}],"wp:term":[{"taxonomy":"product_cat","embeddable":true,"href":"https:\/\/irankiuzona.lt\/ru\/wp-json\/wp\/v2\/product_cat?post=254893"},{"taxonomy":"product_tag","embeddable":true,"href":"https:\/\/irankiuzona.lt\/ru\/wp-json\/wp\/v2\/product_tag?post=254893"}],"curies":[{"name":"wp","href":"https:\/\/api.w.org\/{rel}","templated":true}]}}