{"id":254896,"date":"2024-09-29T10:40:48","date_gmt":"2024-09-29T10:40:48","guid":{"rendered":"https:\/\/irankiuzona.lt\/product\/apdailos-ardymo-irankiai-5\/"},"modified":"2026-05-15T00:55:45","modified_gmt":"2026-05-15T00:55:45","slug":"apdailos-ardymo-irankiai-5","status":"publish","type":"product","link":"https:\/\/irankiuzona.lt\/ru\/product\/apdailos-ardymo-irankiai-5\/","title":{"rendered":"Apdailos ardymo \u012frankiai *5"},"content":{"rendered":"<p>Special\u016bs traukikliai apmu\u0161alams. Komplekte yra penki komponentai,<br \/>\nskirti greitai nuimti apmu\u0161alus i\u0161 bet kurio automobilio salono.<br \/>\nRinkinys pagamintas i\u0161 gr\u016bdinto nailono.<br \/>\nDidelis \u0161io rinkinio privalumas yra tai, kad jis nesubrai\u017eo apmu\u0161al\u0173 ir lakuot\u0173 dali\u0173.<\/p>","protected":false},"excerpt":{"rendered":"<p>Apdailos ardymo \u012frankiai 5vnt.<\/p>","protected":false},"featured_media":254898,"comment_status":"open","ping_status":"open","template":"","meta":[],"product_cat":[9529],"product_tag":[9435],"class_list":{"0":"post-254896","1":"product","2":"type-product","3":"status-publish","4":"has-post-thumbnail","6":"product_brand-kinija","7":"product_cat-irankiai-apdailos-ardymui","8":"product_tag-kinija","10":"first","11":"outofstock","12":"purchasable","13":"product-type-simple"},"jetpack_sharing_enabled":true,"_links":{"self":[{"href":"https:\/\/irankiuzona.lt\/ru\/wp-json\/wp\/v2\/product\/254896","targetHints":{"allow":["GET"]}}],"collection":[{"href":"https:\/\/irankiuzona.lt\/ru\/wp-json\/wp\/v2\/product"}],"about":[{"href":"https:\/\/irankiuzona.lt\/ru\/wp-json\/wp\/v2\/types\/product"}],"replies":[{"embeddable":true,"href":"https:\/\/irankiuzona.lt\/ru\/wp-json\/wp\/v2\/comments?post=254896"}],"version-history":[{"count":1,"href":"https:\/\/irankiuzona.lt\/ru\/wp-json\/wp\/v2\/product\/254896\/revisions"}],"predecessor-version":[{"id":420161,"href":"https:\/\/irankiuzona.lt\/ru\/wp-json\/wp\/v2\/product\/254896\/revisions\/420161"}],"wp:featuredmedia":[{"embeddable":true,"href":"https:\/\/irankiuzona.lt\/ru\/wp-json\/wp\/v2\/media\/254898"}],"wp:attachment":[{"href":"https:\/\/irankiuzona.lt\/ru\/wp-json\/wp\/v2\/media?parent=254896"}],"wp:term":[{"taxonomy":"product_cat","embeddable":true,"href":"https:\/\/irankiuzona.lt\/ru\/wp-json\/wp\/v2\/product_cat?post=254896"},{"taxonomy":"product_tag","embeddable":true,"href":"https:\/\/irankiuzona.lt\/ru\/wp-json\/wp\/v2\/product_tag?post=254896"}],"curies":[{"name":"wp","href":"https:\/\/api.w.org\/{rel}","templated":true}]}}