{"id":254899,"date":"2024-09-29T10:40:48","date_gmt":"2024-09-29T10:40:48","guid":{"rendered":"https:\/\/irankiuzona.lt\/product\/terksliniu-raktu-komplektas-vartomu-galu-8-32-mm\/"},"modified":"2026-04-21T18:43:34","modified_gmt":"2026-04-21T18:43:34","slug":"terksliniu-raktu-komplektas-vartomu-galu-8-32-mm","status":"publish","type":"product","link":"https:\/\/irankiuzona.lt\/ru\/product\/terksliniu-raktu-komplektas-vartomu-galu-8-32-mm\/","title":{"rendered":"Terk\u0161lini\u0173 rakt\u0173 komplektas, vartomu galu (8-32 mm)"},"content":{"rendered":"<p>Komplekte:8, 10, 12, 13, 14, 17, 19, 21, 22, 24, 27, 30, 32 mm<\/p>","protected":false},"excerpt":{"rendered":"<p>Terk\u0161lini\u0173 rakt\u0173 komplektas, vartomu galu (8-32 mm)<\/p>","protected":false},"featured_media":254901,"comment_status":"open","ping_status":"open","template":"","meta":[],"product_cat":[9610],"product_tag":[],"class_list":{"0":"post-254899","1":"product","2":"type-product","3":"status-publish","4":"has-post-thumbnail","6":"product_cat-terksliniu-raktu-komplektai","8":"first","9":"outofstock","10":"purchasable","11":"product-type-simple"},"jetpack_sharing_enabled":true,"_links":{"self":[{"href":"https:\/\/irankiuzona.lt\/ru\/wp-json\/wp\/v2\/product\/254899","targetHints":{"allow":["GET"]}}],"collection":[{"href":"https:\/\/irankiuzona.lt\/ru\/wp-json\/wp\/v2\/product"}],"about":[{"href":"https:\/\/irankiuzona.lt\/ru\/wp-json\/wp\/v2\/types\/product"}],"replies":[{"embeddable":true,"href":"https:\/\/irankiuzona.lt\/ru\/wp-json\/wp\/v2\/comments?post=254899"}],"version-history":[{"count":1,"href":"https:\/\/irankiuzona.lt\/ru\/wp-json\/wp\/v2\/product\/254899\/revisions"}],"predecessor-version":[{"id":420162,"href":"https:\/\/irankiuzona.lt\/ru\/wp-json\/wp\/v2\/product\/254899\/revisions\/420162"}],"wp:featuredmedia":[{"embeddable":true,"href":"https:\/\/irankiuzona.lt\/ru\/wp-json\/wp\/v2\/media\/254901"}],"wp:attachment":[{"href":"https:\/\/irankiuzona.lt\/ru\/wp-json\/wp\/v2\/media?parent=254899"}],"wp:term":[{"taxonomy":"product_cat","embeddable":true,"href":"https:\/\/irankiuzona.lt\/ru\/wp-json\/wp\/v2\/product_cat?post=254899"},{"taxonomy":"product_tag","embeddable":true,"href":"https:\/\/irankiuzona.lt\/ru\/wp-json\/wp\/v2\/product_tag?post=254899"}],"curies":[{"name":"wp","href":"https:\/\/api.w.org\/{rel}","templated":true}]}}