{"id":254917,"date":"2024-09-29T10:40:50","date_gmt":"2024-09-29T10:40:50","guid":{"rendered":"https:\/\/irankiuzona.lt\/product\/smuginiu-ilgu-galvuciu-komplektas-1-2-12k-30-32-34-36mm-85mm-ilgio\/"},"modified":"2026-04-13T09:42:28","modified_gmt":"2026-04-13T09:42:28","slug":"smuginiu-ilgu-galvuciu-komplektas-1-2-12k-30-32-34-36mm-85mm-ilgio","status":"publish","type":"product","link":"https:\/\/irankiuzona.lt\/ru\/product\/smuginiu-ilgu-galvuciu-komplektas-1-2-12k-30-32-34-36mm-85mm-ilgio\/","title":{"rendered":"Sm\u016bgini\u0173 ilg\u0173 galvu\u010di\u0173 komplektas 1\/2 12k. 30-32-34-36mm \/ 85mm ilgio"},"content":{"rendered":"<p>Ilgis &#8211; 85mmKomplekte: 30mm &#8211; 32mm &#8211; 34mm &#8211; 36mm<\/p>","protected":false},"excerpt":{"rendered":"<p>Ilg\u0173 1\/2 galvu\u010di\u0173 komplektas pusa\u0161iams 12kamp. \/ 30-36mm 4vnt<\/p>","protected":false},"featured_media":254919,"comment_status":"open","ping_status":"open","template":"","meta":[],"product_cat":[10110],"product_tag":[9435],"class_list":{"0":"post-254917","1":"product","2":"type-product","3":"status-publish","4":"has-post-thumbnail","6":"product_brand-kinija","7":"product_cat-smuginiu-dvylikakampiu-galvuciu-komplektai","8":"product_tag-kinija","10":"first","11":"instock","12":"purchasable","13":"product-type-simple"},"jetpack_sharing_enabled":true,"_links":{"self":[{"href":"https:\/\/irankiuzona.lt\/ru\/wp-json\/wp\/v2\/product\/254917","targetHints":{"allow":["GET"]}}],"collection":[{"href":"https:\/\/irankiuzona.lt\/ru\/wp-json\/wp\/v2\/product"}],"about":[{"href":"https:\/\/irankiuzona.lt\/ru\/wp-json\/wp\/v2\/types\/product"}],"replies":[{"embeddable":true,"href":"https:\/\/irankiuzona.lt\/ru\/wp-json\/wp\/v2\/comments?post=254917"}],"version-history":[{"count":1,"href":"https:\/\/irankiuzona.lt\/ru\/wp-json\/wp\/v2\/product\/254917\/revisions"}],"predecessor-version":[{"id":420167,"href":"https:\/\/irankiuzona.lt\/ru\/wp-json\/wp\/v2\/product\/254917\/revisions\/420167"}],"wp:featuredmedia":[{"embeddable":true,"href":"https:\/\/irankiuzona.lt\/ru\/wp-json\/wp\/v2\/media\/254919"}],"wp:attachment":[{"href":"https:\/\/irankiuzona.lt\/ru\/wp-json\/wp\/v2\/media?parent=254917"}],"wp:term":[{"taxonomy":"product_cat","embeddable":true,"href":"https:\/\/irankiuzona.lt\/ru\/wp-json\/wp\/v2\/product_cat?post=254917"},{"taxonomy":"product_tag","embeddable":true,"href":"https:\/\/irankiuzona.lt\/ru\/wp-json\/wp\/v2\/product_tag?post=254917"}],"curies":[{"name":"wp","href":"https:\/\/api.w.org\/{rel}","templated":true}]}}