{"id":254920,"date":"2024-09-29T10:40:51","date_gmt":"2024-09-29T10:40:51","guid":{"rendered":"https:\/\/irankiuzona.lt\/product\/slifavimo-diskas-125mm-dazams-ir-rudims-sveisti\/"},"modified":"2026-04-13T09:42:28","modified_gmt":"2026-04-13T09:42:28","slug":"slifavimo-diskas-125mm-dazams-ir-rudims-sveisti","status":"publish","type":"product","link":"https:\/\/irankiuzona.lt\/ru\/product\/slifavimo-diskas-125mm-dazams-ir-rudims-sveisti\/","title":{"rendered":"\u0160lifavimo diskas 125mm \/ da\u017eams ir r\u016bdims \u0161veisti"},"content":{"rendered":"<p>It easily removes paint from wood and metal surfaces. Cleans rusty surfaces and has a double-thick edge to strip quicker. Features Scotch-Brite abrasive web that will not rust or splinter. Fits all standard household drill<\/p>","protected":false},"excerpt":{"rendered":"<p>\u0160veitimo &#8211; \u0161lifavimo diskas suktukui 1\/4 hex tvirtinimu, 125mm diametro<\/p>","protected":false},"featured_media":254922,"comment_status":"open","ping_status":"open","template":"","meta":[],"product_cat":[9450],"product_tag":[9435],"class_list":{"0":"post-254920","1":"product","2":"type-product","3":"status-publish","4":"has-post-thumbnail","6":"product_brand-kinija","7":"product_cat-sepeciai-greztuvui-slif-pj-irankiui","8":"product_tag-kinija","10":"first","11":"outofstock","12":"purchasable","13":"product-type-simple"},"jetpack_sharing_enabled":true,"_links":{"self":[{"href":"https:\/\/irankiuzona.lt\/ru\/wp-json\/wp\/v2\/product\/254920","targetHints":{"allow":["GET"]}}],"collection":[{"href":"https:\/\/irankiuzona.lt\/ru\/wp-json\/wp\/v2\/product"}],"about":[{"href":"https:\/\/irankiuzona.lt\/ru\/wp-json\/wp\/v2\/types\/product"}],"replies":[{"embeddable":true,"href":"https:\/\/irankiuzona.lt\/ru\/wp-json\/wp\/v2\/comments?post=254920"}],"version-history":[{"count":1,"href":"https:\/\/irankiuzona.lt\/ru\/wp-json\/wp\/v2\/product\/254920\/revisions"}],"predecessor-version":[{"id":420168,"href":"https:\/\/irankiuzona.lt\/ru\/wp-json\/wp\/v2\/product\/254920\/revisions\/420168"}],"wp:featuredmedia":[{"embeddable":true,"href":"https:\/\/irankiuzona.lt\/ru\/wp-json\/wp\/v2\/media\/254922"}],"wp:attachment":[{"href":"https:\/\/irankiuzona.lt\/ru\/wp-json\/wp\/v2\/media?parent=254920"}],"wp:term":[{"taxonomy":"product_cat","embeddable":true,"href":"https:\/\/irankiuzona.lt\/ru\/wp-json\/wp\/v2\/product_cat?post=254920"},{"taxonomy":"product_tag","embeddable":true,"href":"https:\/\/irankiuzona.lt\/ru\/wp-json\/wp\/v2\/product_tag?post=254920"}],"curies":[{"name":"wp","href":"https:\/\/api.w.org\/{rel}","templated":true}]}}