{"id":254929,"date":"2024-09-29T10:40:52","date_gmt":"2024-09-29T10:40:52","guid":{"rendered":"https:\/\/irankiuzona.lt\/product\/rutuliniu-pirstu-nuemejas-46mm\/"},"modified":"2026-04-13T05:26:37","modified_gmt":"2026-04-13T05:26:37","slug":"rutuliniu-pirstu-nuemejas-46mm","status":"publish","type":"product","link":"https:\/\/irankiuzona.lt\/ru\/product\/rutuliniu-pirstu-nuemejas-46mm\/","title":{"rendered":"Rutulini\u0173 pir\u0161t\u0173 nu\u0117mejas 46mm"},"content":{"rendered":"","protected":false},"excerpt":{"rendered":"<p>Vairo trauki\u0173 nu\u0117mimo \u012frankis 46mm<\/p>","protected":false},"featured_media":254931,"comment_status":"open","ping_status":"open","template":"","meta":[],"product_cat":[9528],"product_tag":[9435],"class_list":{"0":"post-254929","1":"product","2":"type-product","3":"status-publish","4":"has-post-thumbnail","6":"product_brand-kinija","7":"product_cat-vairo-traukiu-irankiai","8":"product_tag-kinija","10":"first","11":"outofstock","12":"purchasable","13":"product-type-simple"},"jetpack_sharing_enabled":true,"_links":{"self":[{"href":"https:\/\/irankiuzona.lt\/ru\/wp-json\/wp\/v2\/product\/254929","targetHints":{"allow":["GET"]}}],"collection":[{"href":"https:\/\/irankiuzona.lt\/ru\/wp-json\/wp\/v2\/product"}],"about":[{"href":"https:\/\/irankiuzona.lt\/ru\/wp-json\/wp\/v2\/types\/product"}],"replies":[{"embeddable":true,"href":"https:\/\/irankiuzona.lt\/ru\/wp-json\/wp\/v2\/comments?post=254929"}],"version-history":[{"count":1,"href":"https:\/\/irankiuzona.lt\/ru\/wp-json\/wp\/v2\/product\/254929\/revisions"}],"predecessor-version":[{"id":420171,"href":"https:\/\/irankiuzona.lt\/ru\/wp-json\/wp\/v2\/product\/254929\/revisions\/420171"}],"wp:featuredmedia":[{"embeddable":true,"href":"https:\/\/irankiuzona.lt\/ru\/wp-json\/wp\/v2\/media\/254931"}],"wp:attachment":[{"href":"https:\/\/irankiuzona.lt\/ru\/wp-json\/wp\/v2\/media?parent=254929"}],"wp:term":[{"taxonomy":"product_cat","embeddable":true,"href":"https:\/\/irankiuzona.lt\/ru\/wp-json\/wp\/v2\/product_cat?post=254929"},{"taxonomy":"product_tag","embeddable":true,"href":"https:\/\/irankiuzona.lt\/ru\/wp-json\/wp\/v2\/product_tag?post=254929"}],"curies":[{"name":"wp","href":"https:\/\/api.w.org\/{rel}","templated":true}]}}