{"id":255290,"date":"2024-09-29T10:50:29","date_gmt":"2024-09-29T10:50:29","guid":{"rendered":"https:\/\/irankiuzona.lt\/product\/soniniu-raktu-komplektas-10-50mm-3-81-23-4\/"},"modified":"2025-12-08T10:30:07","modified_gmt":"2025-12-08T10:30:07","slug":"soniniu-raktu-komplektas-10-50mm-3-81-23-4","status":"publish","type":"product","link":"https:\/\/irankiuzona.lt\/ru\/product\/soniniu-raktu-komplektas-10-50mm-3-81-23-4\/","title":{"rendered":"\u0160onini\u0173 rakt\u0173 komplektas 10-50mm \/ 3\/8+1\/2+3\/4"},"content":{"rendered":"<p>Komplekte:1\/2 rankena vartomu galu 385mm ilgio1\/2 prailgintuvas 125mm3\/4 prailgintuvas 100mmAdapteris-per\u0117jimas 1\/2&#215;3\/8 + 1\/2&#215;3\/4Raktai:3\/8 lizdu: 10mm &#8211; 11mm &#8211; 12mm &#8211; 13mm &#8211; 14mm &#8211; 15mm &#8211; 16mm &#8211; 17mm &#8211; 18mm &#8211; 19mm1\/2 lizdu: 20mm &#8211; 21mm &#8211; 22mm &#8211; 23mm &#8211; 24mm &#8211; 25mm &#8211; 26mm &#8211; 27mm &#8211; 28mm &#8211; 30mm &#8211; 32mm &#8211; 33mm &#8211; 36mm3\/4 lizdu: 38mm &#8211; 41mm &#8211; 46mm &#8211; 50mm<\/p>","protected":false},"excerpt":{"rendered":"<p>Atvir\u0173 rakt\u0173 &#8211; &quot;varnos koja&quot; &#8211;\u00a0rakt\u0173 su i\u0161pjova komplektas 10-50mm \/ 3\/8+1\/2+3\/4<\/p>","protected":false},"featured_media":255292,"comment_status":"open","ping_status":"open","template":"","meta":[],"product_cat":[9611],"product_tag":[9462],"class_list":{"0":"post-255290","1":"product","2":"type-product","3":"status-publish","4":"has-post-thumbnail","6":"product_brand-condor-werkzeug-vokietija","7":"product_cat-spec-raktai","8":"product_tag-condor-werkzeug-vokietija","10":"first","11":"instock","12":"purchasable","13":"product-type-simple"},"jetpack_sharing_enabled":true,"_links":{"self":[{"href":"https:\/\/irankiuzona.lt\/ru\/wp-json\/wp\/v2\/product\/255290","targetHints":{"allow":["GET"]}}],"collection":[{"href":"https:\/\/irankiuzona.lt\/ru\/wp-json\/wp\/v2\/product"}],"about":[{"href":"https:\/\/irankiuzona.lt\/ru\/wp-json\/wp\/v2\/types\/product"}],"replies":[{"embeddable":true,"href":"https:\/\/irankiuzona.lt\/ru\/wp-json\/wp\/v2\/comments?post=255290"}],"version-history":[{"count":1,"href":"https:\/\/irankiuzona.lt\/ru\/wp-json\/wp\/v2\/product\/255290\/revisions"}],"predecessor-version":[{"id":420292,"href":"https:\/\/irankiuzona.lt\/ru\/wp-json\/wp\/v2\/product\/255290\/revisions\/420292"}],"wp:featuredmedia":[{"embeddable":true,"href":"https:\/\/irankiuzona.lt\/ru\/wp-json\/wp\/v2\/media\/255292"}],"wp:attachment":[{"href":"https:\/\/irankiuzona.lt\/ru\/wp-json\/wp\/v2\/media?parent=255290"}],"wp:term":[{"taxonomy":"product_cat","embeddable":true,"href":"https:\/\/irankiuzona.lt\/ru\/wp-json\/wp\/v2\/product_cat?post=255290"},{"taxonomy":"product_tag","embeddable":true,"href":"https:\/\/irankiuzona.lt\/ru\/wp-json\/wp\/v2\/product_tag?post=255290"}],"curies":[{"name":"wp","href":"https:\/\/api.w.org\/{rel}","templated":true}]}}