{"id":255296,"date":"2024-09-29T10:50:29","date_gmt":"2024-09-29T10:50:29","guid":{"rendered":"https:\/\/irankiuzona.lt\/product\/vartomu-raktu-komplektas-8-19mm-su-deklu\/"},"modified":"2026-04-16T23:03:01","modified_gmt":"2026-04-16T23:03:01","slug":"vartomu-raktu-komplektas-8-19mm-su-deklu","status":"publish","type":"product","link":"https:\/\/irankiuzona.lt\/ru\/product\/vartomu-raktu-komplektas-8-19mm-su-deklu\/","title":{"rendered":"Vartom\u0173 rakt\u0173 komplektas 8-19mm, su d\u0117klu"},"content":{"rendered":"<p>chrome vanadium steel \/\u00a0satin finishKomplekte:\u00a08&#215;9, 10&#215;11, 12&#215;13, 14&#215;15, 16&#215;17, 18&#215;19 mmD\u0117klo dydis:\u00a01\/3 (36x185x395 mm)<\/p>","protected":false},"excerpt":{"rendered":"<p>Rakt\u0173 komplektas su vartoma galva, 12-kamp\u0117s galvut\u0117s 8-19mm<\/p>","protected":false},"featured_media":255298,"comment_status":"open","ping_status":"open","template":"","meta":[],"product_cat":[9870],"product_tag":[9462],"class_list":{"0":"post-255296","1":"product","2":"type-product","3":"status-publish","4":"has-post-thumbnail","6":"product_brand-condor-werkzeug-vokietija","7":"product_cat-deklai-i-vezimus-su-irankiais-ir-tusti","8":"product_tag-condor-werkzeug-vokietija","10":"first","11":"instock","12":"purchasable","13":"product-type-simple"},"jetpack_sharing_enabled":true,"_links":{"self":[{"href":"https:\/\/irankiuzona.lt\/ru\/wp-json\/wp\/v2\/product\/255296","targetHints":{"allow":["GET"]}}],"collection":[{"href":"https:\/\/irankiuzona.lt\/ru\/wp-json\/wp\/v2\/product"}],"about":[{"href":"https:\/\/irankiuzona.lt\/ru\/wp-json\/wp\/v2\/types\/product"}],"replies":[{"embeddable":true,"href":"https:\/\/irankiuzona.lt\/ru\/wp-json\/wp\/v2\/comments?post=255296"}],"version-history":[{"count":1,"href":"https:\/\/irankiuzona.lt\/ru\/wp-json\/wp\/v2\/product\/255296\/revisions"}],"predecessor-version":[{"id":420294,"href":"https:\/\/irankiuzona.lt\/ru\/wp-json\/wp\/v2\/product\/255296\/revisions\/420294"}],"wp:featuredmedia":[{"embeddable":true,"href":"https:\/\/irankiuzona.lt\/ru\/wp-json\/wp\/v2\/media\/255298"}],"wp:attachment":[{"href":"https:\/\/irankiuzona.lt\/ru\/wp-json\/wp\/v2\/media?parent=255296"}],"wp:term":[{"taxonomy":"product_cat","embeddable":true,"href":"https:\/\/irankiuzona.lt\/ru\/wp-json\/wp\/v2\/product_cat?post=255296"},{"taxonomy":"product_tag","embeddable":true,"href":"https:\/\/irankiuzona.lt\/ru\/wp-json\/wp\/v2\/product_tag?post=255296"}],"curies":[{"name":"wp","href":"https:\/\/api.w.org\/{rel}","templated":true}]}}