{"id":255317,"date":"2024-09-29T10:50:32","date_gmt":"2024-09-29T10:50:32","guid":{"rendered":"https:\/\/irankiuzona.lt\/product\/indukcinis-kaitintuvas-35kw\/"},"modified":"2026-04-20T17:13:42","modified_gmt":"2026-04-20T17:13:42","slug":"indukcinis-kaitintuvas-35kw","status":"publish","type":"product","link":"https:\/\/irankiuzona.lt\/ru\/product\/indukcinis-kaitintuvas-35kw\/","title":{"rendered":"Indukcinis kaitintuvas 3,5kW"},"content":{"rendered":"<p>Indukcinis kaitintuvas-\u0161ildytuvas, 3,5 kWpagaminta Europoje<br \/>\nTechniniai duomenys:jungtis: 230 V (maks. 16 A)galia: maks. 3,5 kWmaks. paleidimo srov\u0117 3,5 kWsaugos klas\u0117: IP22svoris: 13,5 kgsvoris be pried\u0173: ~7kgau\u0161inimo skystis: 2,5 lGalia: 3,5 kWPlotis: 205 mmIlgis: 440 mmAuk\u0161tis: 200 mm<br \/>\n\u2022 itin galingas \u0161ildytuvas su indukcine technologija;\u2022 greitas, kryptingas ir efektyvus \u0161ildymas, apsaugo nuo \u017ealos aplinkai;\u2022 yra 1 \u0161ildymo spiral\u0117 su poslinkio \u017eidiniu;\u2022 i\u0161ple\u010diama sistema, \u0161ildymo gyvatukas su tiesiu \u017eidiniu galima \u012fsigyti kaip pried\u0105;\u2022 tinka \u012fvairiems automobiliams ir sunkve\u017eimiams;\u2022 lengvam korozijos pa\u017eeist\u0173 ir sandari\u0173 jung\u010di\u0173 ir jung\u010di\u0173 atlaisvinimui, taip pat stand\u017eioms klijuotoms ir lituotoms jungtims atskirti<br \/>\nProgramos:var\u017etai, ver\u017el\u0117s, knied\u0117s ir var\u017etai judantys &#8211; vairavimo detal\u0117ms (pvz., reguliavimo var\u017etai, rat\u0173 suvedimas)i\u0161metimo vamzd\u017ei\u0173 spaustukai, linijos, lambda jutikliai, purk\u0161tukai, pakaitinimo \u017evak\u0117s ir kt.va\u017eiuokl\u0117s komponentai, sandar\u016bs guoliai, rutuliniai \u0161arnyrai, stabd\u017eiai ir kt.klijuotos var\u017etin\u0117s jungtysguoli\u0173 lizd\u0173 \u0161ildymas i\u0161montuojant\/sumontuojanttaip pat puikiai tinka naudoti priekabose, pvz.: klijuotos skardos atskyrimas, folijos ir kit\u0173 dang\u0173 pa\u0161alinimas;idealiai tinka kaip alternatyva atviros liepsnos degikliams ir suteikia daugiau saugumo;au\u0161inamas skys\u010diu (galima papildyti)<br \/>\nInduction heater, 3.5 kW<\/p>\n<p>extremely powerful heater with induction technology<br \/>\nquick, focussed and efficient heating, prevents damage to surroundings<br \/>\nincludes 1 heating coil with offset focus<br \/>\nextendable system, heating coil with straight focus available as accessory<br \/>\nsuitable for many applications on cars and trucks<br \/>\nfor easy loosening of corroded and tight connections and joints, also for separating rigid glued and soldered connections\u00a0<br \/>\napplications:screws, nuts, rivets and boltssteering (e.g. adjusting screws, wheel alignment)exhaust pipe clamps, lines, lambda sensors, injectors, glow plugs etc.running gear components, tight bearings, ball joints, brakes etc.glued screw connectionsheating of bearings seats for disassembly \/ assembly<br \/>\nalso ideal for applications on trailers, e.g.:separation of glued sheet metalremoval of foil and other coating<br \/>\nideal as alternative to burners with open flames, offering more safety<br \/>\nfluid cooled (refill available)<br \/>\nmanufactured in Europe<br \/>\ntechnical data:connection: 230 V (max. 16 A)power: max. 3.5 kWpower input: max. 3.5 kWsafety class: IP22weight: 13.5 kgweight without accesories: ~7kgcooling fluid: 2.5 L<\/p>\n<p>Power: 3.5 kWWidth: 205 mmLength: 440 mmHeight: 200 mm<\/p>","protected":false},"excerpt":{"rendered":"<p>Indukcinis kaitintuvas 3,5kW CONDOR<\/p>","protected":false},"featured_media":255319,"comment_status":"open","ping_status":"closed","template":"","meta":[],"product_cat":[9965],"product_tag":[9462],"class_list":{"0":"post-255317","1":"product","2":"type-product","3":"status-publish","4":"has-post-thumbnail","6":"product_brand-condor-werkzeug-vokietija","7":"product_cat-indukciniai-kaitintuvai","8":"product_tag-condor-werkzeug-vokietija","10":"first","11":"instock","12":"purchasable","13":"product-type-simple"},"jetpack_sharing_enabled":true,"_links":{"self":[{"href":"https:\/\/irankiuzona.lt\/ru\/wp-json\/wp\/v2\/product\/255317","targetHints":{"allow":["GET"]}}],"collection":[{"href":"https:\/\/irankiuzona.lt\/ru\/wp-json\/wp\/v2\/product"}],"about":[{"href":"https:\/\/irankiuzona.lt\/ru\/wp-json\/wp\/v2\/types\/product"}],"replies":[{"embeddable":true,"href":"https:\/\/irankiuzona.lt\/ru\/wp-json\/wp\/v2\/comments?post=255317"}],"version-history":[{"count":1,"href":"https:\/\/irankiuzona.lt\/ru\/wp-json\/wp\/v2\/product\/255317\/revisions"}],"predecessor-version":[{"id":420301,"href":"https:\/\/irankiuzona.lt\/ru\/wp-json\/wp\/v2\/product\/255317\/revisions\/420301"}],"wp:featuredmedia":[{"embeddable":true,"href":"https:\/\/irankiuzona.lt\/ru\/wp-json\/wp\/v2\/media\/255319"}],"wp:attachment":[{"href":"https:\/\/irankiuzona.lt\/ru\/wp-json\/wp\/v2\/media?parent=255317"}],"wp:term":[{"taxonomy":"product_cat","embeddable":true,"href":"https:\/\/irankiuzona.lt\/ru\/wp-json\/wp\/v2\/product_cat?post=255317"},{"taxonomy":"product_tag","embeddable":true,"href":"https:\/\/irankiuzona.lt\/ru\/wp-json\/wp\/v2\/product_tag?post=255317"}],"curies":[{"name":"wp","href":"https:\/\/api.w.org\/{rel}","templated":true}]}}