{"id":255386,"date":"2024-09-29T10:50:38","date_gmt":"2024-09-29T10:50:38","guid":{"rendered":"https:\/\/irankiuzona.lt\/product\/apdailos-ardymo-komplektas-5daliu-hoegert-ht8g394\/"},"modified":"2026-04-25T10:26:39","modified_gmt":"2026-04-25T10:26:39","slug":"apdailos-ardymo-komplektas-5daliu-hoegert-ht8g394","status":"publish","type":"product","link":"https:\/\/irankiuzona.lt\/ru\/product\/apdailos-ardymo-komplektas-5daliu-hoegert-ht8g394\/","title":{"rendered":"Apdailos ardymo komplektas \/ 5dali\u0173 \/ HOEGERT HT8G394"},"content":{"rendered":"<p>Rankenos\u00a0vis\u0173 r\u016b\u0161i\u0173 apdailoms nuimti. Naudojamos kai\u0161\u010diams, radiatoriaus \u017earnoms, tarpin\u0117ms ir pan. nuiimti. anglinio plieno peiliai; 2 grandikliai,\u00a0ilgis 275 mm ir 215 mm; 2 kabliukai, ilgis 225 mm ir 205 mm; smaigalys,\u00a0ilgis 185 mm;<br \/>\nErgonomi\u0161kos plastikin\u0117s rankenos u\u017etikrina patikim\u0105 sukibim\u0105 ir padidina darbo efektyvum\u0105<\/p>","protected":false},"excerpt":{"rendered":"<p>Apdailos ardymo komplektas \/ 5dali\u0173<\/p>","protected":false},"featured_media":255388,"comment_status":"open","ping_status":"open","template":"","meta":[],"product_cat":[9529],"product_tag":[9969],"class_list":{"0":"post-255386","1":"product","2":"type-product","3":"status-publish","4":"has-post-thumbnail","6":"product_brand-hogert-technik-vokietija","7":"product_cat-irankiai-apdailos-ardymui","8":"product_tag-hogert-technik-vokietija","10":"first","11":"instock","12":"purchasable","13":"product-type-simple"},"jetpack_sharing_enabled":true,"_links":{"self":[{"href":"https:\/\/irankiuzona.lt\/ru\/wp-json\/wp\/v2\/product\/255386","targetHints":{"allow":["GET"]}}],"collection":[{"href":"https:\/\/irankiuzona.lt\/ru\/wp-json\/wp\/v2\/product"}],"about":[{"href":"https:\/\/irankiuzona.lt\/ru\/wp-json\/wp\/v2\/types\/product"}],"replies":[{"embeddable":true,"href":"https:\/\/irankiuzona.lt\/ru\/wp-json\/wp\/v2\/comments?post=255386"}],"version-history":[{"count":1,"href":"https:\/\/irankiuzona.lt\/ru\/wp-json\/wp\/v2\/product\/255386\/revisions"}],"predecessor-version":[{"id":420319,"href":"https:\/\/irankiuzona.lt\/ru\/wp-json\/wp\/v2\/product\/255386\/revisions\/420319"}],"wp:featuredmedia":[{"embeddable":true,"href":"https:\/\/irankiuzona.lt\/ru\/wp-json\/wp\/v2\/media\/255388"}],"wp:attachment":[{"href":"https:\/\/irankiuzona.lt\/ru\/wp-json\/wp\/v2\/media?parent=255386"}],"wp:term":[{"taxonomy":"product_cat","embeddable":true,"href":"https:\/\/irankiuzona.lt\/ru\/wp-json\/wp\/v2\/product_cat?post=255386"},{"taxonomy":"product_tag","embeddable":true,"href":"https:\/\/irankiuzona.lt\/ru\/wp-json\/wp\/v2\/product_tag?post=255386"}],"curies":[{"name":"wp","href":"https:\/\/api.w.org\/{rel}","templated":true}]}}