{"id":255395,"date":"2024-09-29T10:50:39","date_gmt":"2024-09-29T10:50:39","guid":{"rendered":"https:\/\/irankiuzona.lt\/product\/galvute-zvakems-3-8-14mm-12-kamp-bi-hex-su-sarnyru\/"},"modified":"2026-04-15T21:46:56","modified_gmt":"2026-04-15T21:46:56","slug":"galvute-zvakems-3-8-14mm-12-kamp-bi-hex-su-sarnyru","status":"publish","type":"product","link":"https:\/\/irankiuzona.lt\/ru\/product\/galvute-zvakems-3-8-14mm-12-kamp-bi-hex-su-sarnyru\/","title":{"rendered":"Galvut\u0117 \u017evak\u0117ms 3\/8&quot; 14mm 12-kamp. bi-hex su \u0161arnyru"},"content":{"rendered":"","protected":false},"excerpt":{"rendered":"<p>Galvut\u0117 \u017evak\u0117ms 3\/8&quot; 14mm 12-kamp. bi-hex su \u0161arnyru<\/p>","protected":false},"featured_media":255397,"comment_status":"open","ping_status":"open","template":"","meta":[],"product_cat":[9619],"product_tag":[9969],"class_list":{"0":"post-255395","1":"product","2":"type-product","3":"status-publish","4":"has-post-thumbnail","6":"product_brand-hogert-technik-vokietija","7":"product_cat-galvutes-zvakems","8":"product_tag-hogert-technik-vokietija","10":"first","11":"instock","12":"purchasable","13":"product-type-simple"},"jetpack_sharing_enabled":true,"_links":{"self":[{"href":"https:\/\/irankiuzona.lt\/ru\/wp-json\/wp\/v2\/product\/255395","targetHints":{"allow":["GET"]}}],"collection":[{"href":"https:\/\/irankiuzona.lt\/ru\/wp-json\/wp\/v2\/product"}],"about":[{"href":"https:\/\/irankiuzona.lt\/ru\/wp-json\/wp\/v2\/types\/product"}],"replies":[{"embeddable":true,"href":"https:\/\/irankiuzona.lt\/ru\/wp-json\/wp\/v2\/comments?post=255395"}],"version-history":[{"count":1,"href":"https:\/\/irankiuzona.lt\/ru\/wp-json\/wp\/v2\/product\/255395\/revisions"}],"predecessor-version":[{"id":420322,"href":"https:\/\/irankiuzona.lt\/ru\/wp-json\/wp\/v2\/product\/255395\/revisions\/420322"}],"wp:featuredmedia":[{"embeddable":true,"href":"https:\/\/irankiuzona.lt\/ru\/wp-json\/wp\/v2\/media\/255397"}],"wp:attachment":[{"href":"https:\/\/irankiuzona.lt\/ru\/wp-json\/wp\/v2\/media?parent=255395"}],"wp:term":[{"taxonomy":"product_cat","embeddable":true,"href":"https:\/\/irankiuzona.lt\/ru\/wp-json\/wp\/v2\/product_cat?post=255395"},{"taxonomy":"product_tag","embeddable":true,"href":"https:\/\/irankiuzona.lt\/ru\/wp-json\/wp\/v2\/product_tag?post=255395"}],"curies":[{"name":"wp","href":"https:\/\/api.w.org\/{rel}","templated":true}]}}