{"id":255407,"date":"2024-09-29T10:50:40","date_gmt":"2024-09-29T10:50:40","guid":{"rendered":"https:\/\/irankiuzona.lt\/product\/vairo-traukiu-nuemimo-komplektas-4-daliu\/"},"modified":"2026-05-13T16:54:16","modified_gmt":"2026-05-13T16:54:16","slug":"vairo-traukiu-nuemimo-komplektas-4-daliu","status":"publish","type":"product","link":"https:\/\/irankiuzona.lt\/ru\/product\/vairo-traukiu-nuemimo-komplektas-4-daliu\/","title":{"rendered":"Vairo trauki\u0173 nu\u0117mimo komplektas 4 dali\u0173"},"content":{"rendered":"","protected":false},"excerpt":{"rendered":"<p>Vairo trauki\u0173 nu\u0117mimo komplektas 4 dali\u0173<\/p>","protected":false},"featured_media":190144,"comment_status":"open","ping_status":"open","template":"","meta":[],"product_cat":[9528],"product_tag":[9969],"class_list":{"0":"post-255407","1":"product","2":"type-product","3":"status-publish","4":"has-post-thumbnail","6":"product_brand-hogert-technik-vokietija","7":"product_cat-vairo-traukiu-irankiai","8":"product_tag-hogert-technik-vokietija","10":"first","11":"instock","12":"purchasable","13":"product-type-simple"},"jetpack_sharing_enabled":true,"_links":{"self":[{"href":"https:\/\/irankiuzona.lt\/ru\/wp-json\/wp\/v2\/product\/255407","targetHints":{"allow":["GET"]}}],"collection":[{"href":"https:\/\/irankiuzona.lt\/ru\/wp-json\/wp\/v2\/product"}],"about":[{"href":"https:\/\/irankiuzona.lt\/ru\/wp-json\/wp\/v2\/types\/product"}],"replies":[{"embeddable":true,"href":"https:\/\/irankiuzona.lt\/ru\/wp-json\/wp\/v2\/comments?post=255407"}],"version-history":[{"count":1,"href":"https:\/\/irankiuzona.lt\/ru\/wp-json\/wp\/v2\/product\/255407\/revisions"}],"predecessor-version":[{"id":420326,"href":"https:\/\/irankiuzona.lt\/ru\/wp-json\/wp\/v2\/product\/255407\/revisions\/420326"}],"wp:featuredmedia":[{"embeddable":true,"href":"https:\/\/irankiuzona.lt\/ru\/wp-json\/wp\/v2\/media\/190144"}],"wp:attachment":[{"href":"https:\/\/irankiuzona.lt\/ru\/wp-json\/wp\/v2\/media?parent=255407"}],"wp:term":[{"taxonomy":"product_cat","embeddable":true,"href":"https:\/\/irankiuzona.lt\/ru\/wp-json\/wp\/v2\/product_cat?post=255407"},{"taxonomy":"product_tag","embeddable":true,"href":"https:\/\/irankiuzona.lt\/ru\/wp-json\/wp\/v2\/product_tag?post=255407"}],"curies":[{"name":"wp","href":"https:\/\/api.w.org\/{rel}","templated":true}]}}