{"id":255424,"date":"2024-09-29T10:50:42","date_gmt":"2024-09-29T10:50:42","guid":{"rendered":"https:\/\/irankiuzona.lt\/product\/guoliu-sailentbloku-presavimo-komplektas-50-88-mm-hogert-ht8g253\/"},"modified":"2026-04-17T11:28:46","modified_gmt":"2026-04-17T11:28:46","slug":"guoliu-sailentbloku-presavimo-komplektas-50-88-mm-hogert-ht8g253","status":"publish","type":"product","link":"https:\/\/irankiuzona.lt\/ru\/product\/guoliu-sailentbloku-presavimo-komplektas-50-88-mm-hogert-ht8g253\/","title":{"rendered":"GUOLI\u0172, SAILENTBLOK\u0172 PRESAVIMO KOMPLEKTAS 50-88 MM, HOGERT HT8G253"},"content":{"rendered":"<p>Komplekte:Presavimo var\u017etas:Presavimo \u012fvor\u0117s: 76mm \/ 86mm \/ 91mm \/ 102mmPresavimo l\u0117k\u0161tut\u0117s: 50mm \/ 55mm \/ 59mm \/ 63mm \/ 67mm \/ 70mm \/ 72mm \/ 74mm \/ 75mm \/ 77mm \/ 82mm \/ 83mm \/ 88mm<\/p>","protected":false},"excerpt":{"rendered":"<p>GUOLI\u0172, SAILENTBLOK\u0172 PRESAVIMO KOMPLEKTAS 50-88 MM<\/p>","protected":false},"featured_media":255426,"comment_status":"open","ping_status":"closed","template":"","meta":[],"product_cat":[9731],"product_tag":[9969],"class_list":{"0":"post-255424","1":"product","2":"type-product","3":"status-publish","4":"has-post-thumbnail","6":"product_brand-hogert-technik-vokietija","7":"product_cat-guoliu-sailentbloku-presavimo-irankiai","8":"product_tag-hogert-technik-vokietija","10":"first","11":"instock","12":"purchasable","13":"product-type-simple"},"jetpack_sharing_enabled":true,"_links":{"self":[{"href":"https:\/\/irankiuzona.lt\/ru\/wp-json\/wp\/v2\/product\/255424","targetHints":{"allow":["GET"]}}],"collection":[{"href":"https:\/\/irankiuzona.lt\/ru\/wp-json\/wp\/v2\/product"}],"about":[{"href":"https:\/\/irankiuzona.lt\/ru\/wp-json\/wp\/v2\/types\/product"}],"replies":[{"embeddable":true,"href":"https:\/\/irankiuzona.lt\/ru\/wp-json\/wp\/v2\/comments?post=255424"}],"version-history":[{"count":1,"href":"https:\/\/irankiuzona.lt\/ru\/wp-json\/wp\/v2\/product\/255424\/revisions"}],"predecessor-version":[{"id":420332,"href":"https:\/\/irankiuzona.lt\/ru\/wp-json\/wp\/v2\/product\/255424\/revisions\/420332"}],"wp:featuredmedia":[{"embeddable":true,"href":"https:\/\/irankiuzona.lt\/ru\/wp-json\/wp\/v2\/media\/255426"}],"wp:attachment":[{"href":"https:\/\/irankiuzona.lt\/ru\/wp-json\/wp\/v2\/media?parent=255424"}],"wp:term":[{"taxonomy":"product_cat","embeddable":true,"href":"https:\/\/irankiuzona.lt\/ru\/wp-json\/wp\/v2\/product_cat?post=255424"},{"taxonomy":"product_tag","embeddable":true,"href":"https:\/\/irankiuzona.lt\/ru\/wp-json\/wp\/v2\/product_tag?post=255424"}],"curies":[{"name":"wp","href":"https:\/\/api.w.org\/{rel}","templated":true}]}}