{"id":255528,"date":"2024-09-29T10:50:53","date_gmt":"2024-09-29T10:50:53","guid":{"rendered":"https:\/\/irankiuzona.lt\/product\/apatiniai-termo-marskineliai-3xl-4xl-58-60-dydis\/"},"modified":"2026-04-09T10:41:36","modified_gmt":"2026-04-09T10:41:36","slug":"apatiniai-termo-marskineliai-3xl-4xl-58-60-dydis","status":"publish","type":"product","link":"https:\/\/irankiuzona.lt\/ru\/product\/apatiniai-termo-marskineliai-3xl-4xl-58-60-dydis\/","title":{"rendered":"Apatiniai termo mar\u0161kin\u0117liai 3Xl-4XL (58-60) dydis"},"content":{"rendered":"<p>med\u017eiaga: 65% poliamidas, 35% poliesteris, 160 g\/m\u00b2;. greitai d\u017ei\u016bstantis;. ilgomis rankov\u0117mis.<\/p>","protected":false},"excerpt":{"rendered":"<p>Apatiniai termo mar\u0161kin\u0117liai 3Xl-4XL (58-60) dydis<\/p>","protected":false},"featured_media":190226,"comment_status":"open","ping_status":"open","template":"","meta":[],"product_cat":[10045],"product_tag":[9969],"class_list":{"0":"post-255528","1":"product","2":"type-product","3":"status-publish","4":"has-post-thumbnail","6":"product_brand-hogert-technik-vokietija","7":"product_cat-darbiniai-termo-drabuziai","8":"product_tag-hogert-technik-vokietija","10":"first","11":"instock","12":"purchasable","13":"product-type-simple"},"jetpack_sharing_enabled":true,"_links":{"self":[{"href":"https:\/\/irankiuzona.lt\/ru\/wp-json\/wp\/v2\/product\/255528","targetHints":{"allow":["GET"]}}],"collection":[{"href":"https:\/\/irankiuzona.lt\/ru\/wp-json\/wp\/v2\/product"}],"about":[{"href":"https:\/\/irankiuzona.lt\/ru\/wp-json\/wp\/v2\/types\/product"}],"replies":[{"embeddable":true,"href":"https:\/\/irankiuzona.lt\/ru\/wp-json\/wp\/v2\/comments?post=255528"}],"version-history":[{"count":1,"href":"https:\/\/irankiuzona.lt\/ru\/wp-json\/wp\/v2\/product\/255528\/revisions"}],"predecessor-version":[{"id":420365,"href":"https:\/\/irankiuzona.lt\/ru\/wp-json\/wp\/v2\/product\/255528\/revisions\/420365"}],"wp:featuredmedia":[{"embeddable":true,"href":"https:\/\/irankiuzona.lt\/ru\/wp-json\/wp\/v2\/media\/190226"}],"wp:attachment":[{"href":"https:\/\/irankiuzona.lt\/ru\/wp-json\/wp\/v2\/media?parent=255528"}],"wp:term":[{"taxonomy":"product_cat","embeddable":true,"href":"https:\/\/irankiuzona.lt\/ru\/wp-json\/wp\/v2\/product_cat?post=255528"},{"taxonomy":"product_tag","embeddable":true,"href":"https:\/\/irankiuzona.lt\/ru\/wp-json\/wp\/v2\/product_tag?post=255528"}],"curies":[{"name":"wp","href":"https:\/\/api.w.org\/{rel}","templated":true}]}}