{"id":255548,"date":"2024-09-29T10:50:55","date_gmt":"2024-09-29T10:50:55","guid":{"rendered":"https:\/\/irankiuzona.lt\/product\/apatines-termo-kelnes-58-60-3xl-4xl-dydzio\/"},"modified":"2026-04-21T18:43:56","modified_gmt":"2026-04-21T18:43:56","slug":"apatines-termo-kelnes-58-60-3xl-4xl-dydzio","status":"publish","type":"product","link":"https:\/\/irankiuzona.lt\/ru\/product\/apatines-termo-kelnes-58-60-3xl-4xl-dydzio\/","title":{"rendered":"Apatin\u0117s termo keln\u0117s (58-60) 3XL-4XL dyd\u017eio"},"content":{"rendered":"<p>med\u017eiaga: 63% poliamidas, 35% poliesteris, 2% elastanas, 160 g\/m\u00b2;. greitai d\u017ei\u016bstantis;. vyri\u0161kos besi\u016bl\u0117s apatin\u0117s keln\u0117s.<\/p>","protected":false},"excerpt":{"rendered":"<p>Apatin\u0117s termo keln\u0117s (58-60) 3XL-4XL dyd\u017eio<\/p>","protected":false},"featured_media":190240,"comment_status":"open","ping_status":"open","template":"","meta":[],"product_cat":[10045],"product_tag":[9969],"class_list":{"0":"post-255548","1":"product","2":"type-product","3":"status-publish","4":"has-post-thumbnail","6":"product_brand-hogert-technik-vokietija","7":"product_cat-darbiniai-termo-drabuziai","8":"product_tag-hogert-technik-vokietija","10":"first","11":"instock","12":"purchasable","13":"product-type-simple"},"jetpack_sharing_enabled":true,"_links":{"self":[{"href":"https:\/\/irankiuzona.lt\/ru\/wp-json\/wp\/v2\/product\/255548","targetHints":{"allow":["GET"]}}],"collection":[{"href":"https:\/\/irankiuzona.lt\/ru\/wp-json\/wp\/v2\/product"}],"about":[{"href":"https:\/\/irankiuzona.lt\/ru\/wp-json\/wp\/v2\/types\/product"}],"replies":[{"embeddable":true,"href":"https:\/\/irankiuzona.lt\/ru\/wp-json\/wp\/v2\/comments?post=255548"}],"version-history":[{"count":1,"href":"https:\/\/irankiuzona.lt\/ru\/wp-json\/wp\/v2\/product\/255548\/revisions"}],"predecessor-version":[{"id":420372,"href":"https:\/\/irankiuzona.lt\/ru\/wp-json\/wp\/v2\/product\/255548\/revisions\/420372"}],"wp:featuredmedia":[{"embeddable":true,"href":"https:\/\/irankiuzona.lt\/ru\/wp-json\/wp\/v2\/media\/190240"}],"wp:attachment":[{"href":"https:\/\/irankiuzona.lt\/ru\/wp-json\/wp\/v2\/media?parent=255548"}],"wp:term":[{"taxonomy":"product_cat","embeddable":true,"href":"https:\/\/irankiuzona.lt\/ru\/wp-json\/wp\/v2\/product_cat?post=255548"},{"taxonomy":"product_tag","embeddable":true,"href":"https:\/\/irankiuzona.lt\/ru\/wp-json\/wp\/v2\/product_tag?post=255548"}],"curies":[{"name":"wp","href":"https:\/\/api.w.org\/{rel}","templated":true}]}}