{"id":255550,"date":"2024-09-29T10:50:55","date_gmt":"2024-09-29T10:50:55","guid":{"rendered":"https:\/\/irankiuzona.lt\/product\/kniediklis-suktuvui-greztuvui\/"},"modified":"2026-04-21T18:43:56","modified_gmt":"2026-04-21T18:43:56","slug":"kniediklis-suktuvui-greztuvui","status":"publish","type":"product","link":"https:\/\/irankiuzona.lt\/ru\/product\/kniediklis-suktuvui-greztuvui\/","title":{"rendered":"Kniediklis suktuvui-gr\u0119\u017etuvui"},"content":{"rendered":"<p>Kniediklis montuojamas prie suktuvo arba gr\u0119\u017etuvo ir turi keturias skirtingo dyd\u017eio galvutesPuikus \u012frankis mobiliam darbui, kai n\u0117ra nuolatin\u0117s prieigos prie oro instaliacijosPakei\u010dia pneumatinius ar rankinius kniedijimo \u012frankiusPuikiai suderinamas su suktuvas ir gr\u0119\u017etuvais<\/p>","protected":false},"excerpt":{"rendered":"<p>Kniediklis suktuvui &#8211; gr\u0119\u017etuvui \/ 170mm<\/p>","protected":false},"featured_media":255552,"comment_status":"open","ping_status":"open","template":"","meta":[],"product_cat":[9982],"product_tag":[9435],"class_list":{"0":"post-255550","1":"product","2":"type-product","3":"status-publish","4":"has-post-thumbnail","6":"product_brand-kinija","7":"product_cat-kniedikliai-suktuvui-greztuvui","8":"product_tag-kinija","10":"first","11":"instock","12":"purchasable","13":"product-type-simple"},"jetpack_sharing_enabled":true,"_links":{"self":[{"href":"https:\/\/irankiuzona.lt\/ru\/wp-json\/wp\/v2\/product\/255550","targetHints":{"allow":["GET"]}}],"collection":[{"href":"https:\/\/irankiuzona.lt\/ru\/wp-json\/wp\/v2\/product"}],"about":[{"href":"https:\/\/irankiuzona.lt\/ru\/wp-json\/wp\/v2\/types\/product"}],"replies":[{"embeddable":true,"href":"https:\/\/irankiuzona.lt\/ru\/wp-json\/wp\/v2\/comments?post=255550"}],"version-history":[{"count":1,"href":"https:\/\/irankiuzona.lt\/ru\/wp-json\/wp\/v2\/product\/255550\/revisions"}],"predecessor-version":[{"id":420373,"href":"https:\/\/irankiuzona.lt\/ru\/wp-json\/wp\/v2\/product\/255550\/revisions\/420373"}],"wp:featuredmedia":[{"embeddable":true,"href":"https:\/\/irankiuzona.lt\/ru\/wp-json\/wp\/v2\/media\/255552"}],"wp:attachment":[{"href":"https:\/\/irankiuzona.lt\/ru\/wp-json\/wp\/v2\/media?parent=255550"}],"wp:term":[{"taxonomy":"product_cat","embeddable":true,"href":"https:\/\/irankiuzona.lt\/ru\/wp-json\/wp\/v2\/product_cat?post=255550"},{"taxonomy":"product_tag","embeddable":true,"href":"https:\/\/irankiuzona.lt\/ru\/wp-json\/wp\/v2\/product_tag?post=255550"}],"curies":[{"name":"wp","href":"https:\/\/api.w.org\/{rel}","templated":true}]}}