{"id":255556,"date":"2024-09-29T10:50:55","date_gmt":"2024-09-29T10:50:55","guid":{"rendered":"https:\/\/irankiuzona.lt\/product\/peiliukas-su-lauzoma-gelezte-18mm\/"},"modified":"2026-04-14T21:25:16","modified_gmt":"2026-04-14T21:25:16","slug":"peiliukas-su-lauzoma-gelezte-18mm","status":"publish","type":"product","link":"https:\/\/irankiuzona.lt\/ru\/product\/peiliukas-su-lauzoma-gelezte-18mm\/","title":{"rendered":"PEILIUKAS SU LAU\u017dOMA GELE\u017dTE 18MM"},"content":{"rendered":"","protected":false},"excerpt":{"rendered":"<p>PEILIUKAS SU LAU\u017dOMA GELE\u017dTE 18MM<\/p>","protected":false},"featured_media":255558,"comment_status":"open","ping_status":"open","template":"","meta":[],"product_cat":[9736],"product_tag":[9969],"class_list":{"0":"post-255556","1":"product","2":"type-product","3":"status-publish","4":"has-post-thumbnail","6":"product_brand-hogert-technik-vokietija","7":"product_cat-peiliukai-tapetams-geleztes-peiliai","8":"product_tag-hogert-technik-vokietija","10":"first","11":"outofstock","12":"purchasable","13":"product-type-simple"},"jetpack_sharing_enabled":true,"_links":{"self":[{"href":"https:\/\/irankiuzona.lt\/ru\/wp-json\/wp\/v2\/product\/255556","targetHints":{"allow":["GET"]}}],"collection":[{"href":"https:\/\/irankiuzona.lt\/ru\/wp-json\/wp\/v2\/product"}],"about":[{"href":"https:\/\/irankiuzona.lt\/ru\/wp-json\/wp\/v2\/types\/product"}],"replies":[{"embeddable":true,"href":"https:\/\/irankiuzona.lt\/ru\/wp-json\/wp\/v2\/comments?post=255556"}],"version-history":[{"count":1,"href":"https:\/\/irankiuzona.lt\/ru\/wp-json\/wp\/v2\/product\/255556\/revisions"}],"predecessor-version":[{"id":420375,"href":"https:\/\/irankiuzona.lt\/ru\/wp-json\/wp\/v2\/product\/255556\/revisions\/420375"}],"wp:featuredmedia":[{"embeddable":true,"href":"https:\/\/irankiuzona.lt\/ru\/wp-json\/wp\/v2\/media\/255558"}],"wp:attachment":[{"href":"https:\/\/irankiuzona.lt\/ru\/wp-json\/wp\/v2\/media?parent=255556"}],"wp:term":[{"taxonomy":"product_cat","embeddable":true,"href":"https:\/\/irankiuzona.lt\/ru\/wp-json\/wp\/v2\/product_cat?post=255556"},{"taxonomy":"product_tag","embeddable":true,"href":"https:\/\/irankiuzona.lt\/ru\/wp-json\/wp\/v2\/product_tag?post=255556"}],"curies":[{"name":"wp","href":"https:\/\/api.w.org\/{rel}","templated":true}]}}