{"id":255588,"date":"2024-09-29T10:50:59","date_gmt":"2024-09-29T10:50:59","guid":{"rendered":"https:\/\/irankiuzona.lt\/product\/galastuvas-grandinems-90w-230v\/"},"modified":"2026-05-15T22:48:37","modified_gmt":"2026-05-15T22:48:37","slug":"galastuvas-grandinems-90w-230v","status":"publish","type":"product","link":"https:\/\/irankiuzona.lt\/ru\/product\/galastuvas-grandinems-90w-230v\/","title":{"rendered":"Gal\u0105stuvas grandin\u0117ms 90W 230V"},"content":{"rendered":"<p>TECHNIN\u0116S SPECIFIKACIJOS<\/p>\n<p>variklio galia &#8211; 90 Wma\u0161inos sukimosi greitis &#8211; 5000 aps.\/minmaitinimo \u0161altinis &#8211; 230 Vsvoris &#8211; apie 3 kgdisko skersmuo &#8211; 104 mm<\/p>","protected":false},"excerpt":{"rendered":"<p>Gal\u0105stuvas grandin\u0117ms 90W 230V<\/p>","protected":false},"featured_media":255590,"comment_status":"open","ping_status":"open","template":"","meta":[],"product_cat":[10081],"product_tag":[10087],"class_list":{"0":"post-255588","1":"product","2":"type-product","3":"status-publish","4":"has-post-thumbnail","6":"product_brand-verke","7":"product_cat-elektriniai-galastuvai","8":"product_tag-verke","10":"first","11":"instock","12":"purchasable","13":"product-type-simple"},"jetpack_sharing_enabled":true,"_links":{"self":[{"href":"https:\/\/irankiuzona.lt\/ru\/wp-json\/wp\/v2\/product\/255588","targetHints":{"allow":["GET"]}}],"collection":[{"href":"https:\/\/irankiuzona.lt\/ru\/wp-json\/wp\/v2\/product"}],"about":[{"href":"https:\/\/irankiuzona.lt\/ru\/wp-json\/wp\/v2\/types\/product"}],"replies":[{"embeddable":true,"href":"https:\/\/irankiuzona.lt\/ru\/wp-json\/wp\/v2\/comments?post=255588"}],"version-history":[{"count":1,"href":"https:\/\/irankiuzona.lt\/ru\/wp-json\/wp\/v2\/product\/255588\/revisions"}],"predecessor-version":[{"id":420385,"href":"https:\/\/irankiuzona.lt\/ru\/wp-json\/wp\/v2\/product\/255588\/revisions\/420385"}],"wp:featuredmedia":[{"embeddable":true,"href":"https:\/\/irankiuzona.lt\/ru\/wp-json\/wp\/v2\/media\/255590"}],"wp:attachment":[{"href":"https:\/\/irankiuzona.lt\/ru\/wp-json\/wp\/v2\/media?parent=255588"}],"wp:term":[{"taxonomy":"product_cat","embeddable":true,"href":"https:\/\/irankiuzona.lt\/ru\/wp-json\/wp\/v2\/product_cat?post=255588"},{"taxonomy":"product_tag","embeddable":true,"href":"https:\/\/irankiuzona.lt\/ru\/wp-json\/wp\/v2\/product_tag?post=255588"}],"curies":[{"name":"wp","href":"https:\/\/api.w.org\/{rel}","templated":true}]}}