{"id":255627,"date":"2024-09-29T11:00:10","date_gmt":"2024-09-29T11:00:10","guid":{"rendered":"https:\/\/irankiuzona.lt\/product\/graztas-pakopinis-suktas-metalui-4-32mm\/"},"modified":"2026-04-13T02:52:23","modified_gmt":"2026-04-13T02:52:23","slug":"graztas-pakopinis-suktas-metalui-4-32mm","status":"publish","type":"product","link":"https:\/\/irankiuzona.lt\/ru\/product\/graztas-pakopinis-suktas-metalui-4-32mm\/","title":{"rendered":"GR\u0104\u017dTAS PAKOPINIS SUKTAS METALUI 4-32mm"},"content":{"rendered":"","protected":false},"excerpt":{"rendered":"<p>GR\u0104\u017dTAS PAKOPINIS SUKTAS METALUI 4-32mm<\/p>","protected":false},"featured_media":255629,"comment_status":"open","ping_status":"open","template":"","meta":[],"product_cat":[9603],"product_tag":[10087],"class_list":{"0":"post-255627","1":"product","2":"type-product","3":"status-publish","4":"has-post-thumbnail","6":"product_brand-verke","7":"product_cat-pakopiniai-graztai","8":"product_tag-verke","10":"first","11":"outofstock","12":"purchasable","13":"product-type-simple"},"jetpack_sharing_enabled":true,"_links":{"self":[{"href":"https:\/\/irankiuzona.lt\/ru\/wp-json\/wp\/v2\/product\/255627","targetHints":{"allow":["GET"]}}],"collection":[{"href":"https:\/\/irankiuzona.lt\/ru\/wp-json\/wp\/v2\/product"}],"about":[{"href":"https:\/\/irankiuzona.lt\/ru\/wp-json\/wp\/v2\/types\/product"}],"replies":[{"embeddable":true,"href":"https:\/\/irankiuzona.lt\/ru\/wp-json\/wp\/v2\/comments?post=255627"}],"version-history":[{"count":1,"href":"https:\/\/irankiuzona.lt\/ru\/wp-json\/wp\/v2\/product\/255627\/revisions"}],"predecessor-version":[{"id":420398,"href":"https:\/\/irankiuzona.lt\/ru\/wp-json\/wp\/v2\/product\/255627\/revisions\/420398"}],"wp:featuredmedia":[{"embeddable":true,"href":"https:\/\/irankiuzona.lt\/ru\/wp-json\/wp\/v2\/media\/255629"}],"wp:attachment":[{"href":"https:\/\/irankiuzona.lt\/ru\/wp-json\/wp\/v2\/media?parent=255627"}],"wp:term":[{"taxonomy":"product_cat","embeddable":true,"href":"https:\/\/irankiuzona.lt\/ru\/wp-json\/wp\/v2\/product_cat?post=255627"},{"taxonomy":"product_tag","embeddable":true,"href":"https:\/\/irankiuzona.lt\/ru\/wp-json\/wp\/v2\/product_tag?post=255627"}],"curies":[{"name":"wp","href":"https:\/\/api.w.org\/{rel}","templated":true}]}}