{"id":255814,"date":"2024-09-29T11:00:33","date_gmt":"2024-09-29T11:00:33","guid":{"rendered":"https:\/\/irankiuzona.lt\/product\/irankiai-kebulo-meniniam-lyginimui-su-atbuliniu-plaktuku\/"},"modified":"2026-04-14T18:33:30","modified_gmt":"2026-04-14T18:33:30","slug":"irankiai-kebulo-meniniam-lyginimui-su-atbuliniu-plaktuku","status":"publish","type":"product","link":"https:\/\/irankiuzona.lt\/ru\/product\/irankiai-kebulo-meniniam-lyginimui-su-atbuliniu-plaktuku\/","title":{"rendered":"\u012erankiai k\u0117bulo meniniam lyginimui su atbuliniu plaktuku"},"content":{"rendered":"","protected":false},"excerpt":{"rendered":"<p>K\u0117bulo \u012fdub\u0173 \u0161alinimo \u012frankiai su atbuliniu plaktuku \/ 19 dali\u0173<\/p>","protected":false},"featured_media":255816,"comment_status":"open","ping_status":"open","template":"","meta":[],"product_cat":[9556],"product_tag":[9435],"class_list":{"0":"post-255814","1":"product","2":"type-product","3":"status-publish","4":"has-post-thumbnail","6":"product_brand-kinija","7":"product_cat-irankiai-kebulo-lyginimui","8":"product_tag-kinija","10":"first","11":"outofstock","12":"purchasable","13":"product-type-simple"},"jetpack_sharing_enabled":true,"_links":{"self":[{"href":"https:\/\/irankiuzona.lt\/ru\/wp-json\/wp\/v2\/product\/255814","targetHints":{"allow":["GET"]}}],"collection":[{"href":"https:\/\/irankiuzona.lt\/ru\/wp-json\/wp\/v2\/product"}],"about":[{"href":"https:\/\/irankiuzona.lt\/ru\/wp-json\/wp\/v2\/types\/product"}],"replies":[{"embeddable":true,"href":"https:\/\/irankiuzona.lt\/ru\/wp-json\/wp\/v2\/comments?post=255814"}],"version-history":[{"count":1,"href":"https:\/\/irankiuzona.lt\/ru\/wp-json\/wp\/v2\/product\/255814\/revisions"}],"predecessor-version":[{"id":420460,"href":"https:\/\/irankiuzona.lt\/ru\/wp-json\/wp\/v2\/product\/255814\/revisions\/420460"}],"wp:featuredmedia":[{"embeddable":true,"href":"https:\/\/irankiuzona.lt\/ru\/wp-json\/wp\/v2\/media\/255816"}],"wp:attachment":[{"href":"https:\/\/irankiuzona.lt\/ru\/wp-json\/wp\/v2\/media?parent=255814"}],"wp:term":[{"taxonomy":"product_cat","embeddable":true,"href":"https:\/\/irankiuzona.lt\/ru\/wp-json\/wp\/v2\/product_cat?post=255814"},{"taxonomy":"product_tag","embeddable":true,"href":"https:\/\/irankiuzona.lt\/ru\/wp-json\/wp\/v2\/product_tag?post=255814"}],"curies":[{"name":"wp","href":"https:\/\/api.w.org\/{rel}","templated":true}]}}