{"id":255872,"date":"2024-09-29T11:00:41","date_gmt":"2024-09-29T11:00:41","guid":{"rendered":"https:\/\/irankiuzona.lt\/product\/irankiu-komplektas-216-daliu-1-43-81-2\/"},"modified":"2026-04-04T14:52:06","modified_gmt":"2026-04-04T14:52:06","slug":"irankiu-komplektas-216-daliu-1-43-81-2","status":"publish","type":"product","link":"https:\/\/irankiuzona.lt\/ru\/product\/irankiu-komplektas-216-daliu-1-43-81-2\/","title":{"rendered":"\u012eranki\u0173 komplektas 216 dali\u0173, 1\/4+3\/8+1\/2"},"content":{"rendered":"<p>Galvu\u010di\u0173 dydis [mm] 1\/2&quot;- 10-32mm, 3\/8&quot;- 10-19mm, 1\/4&quot;- 4-14mmElement\u0173 skai\u010dius[vnt.] 216Visos dalys pagamintos i\u0161 chrome vanadium plieno- 6 kamp\u0117s galvut\u0117s- 1 \/ 4 &quot;, 3 \/ 8&quot; ir 1 \/ 2 &quot;<\/p>","protected":false},"excerpt":{"rendered":"<p>\u012eranki\u0173 komplektas (galvu\u010di\u0173 + rakt\u0173 komplektas) 1\/4 + 3\/8 + 1\/2 \/ 216 dali\u0173 \/ KR121216A<\/p>","protected":false},"featured_media":255874,"comment_status":"open","ping_status":"open","template":"","meta":[],"product_cat":[9491],"product_tag":[9435],"class_list":{"0":"post-255872","1":"product","2":"type-product","3":"status-publish","4":"has-post-thumbnail","6":"product_brand-kinija","7":"product_cat-kombinuoti-irankiu-komplektai-1-4-3-8-1-2","8":"product_tag-kinija","10":"first","11":"outofstock","12":"purchasable","13":"product-type-simple"},"jetpack_sharing_enabled":true,"_links":{"self":[{"href":"https:\/\/irankiuzona.lt\/ru\/wp-json\/wp\/v2\/product\/255872","targetHints":{"allow":["GET"]}}],"collection":[{"href":"https:\/\/irankiuzona.lt\/ru\/wp-json\/wp\/v2\/product"}],"about":[{"href":"https:\/\/irankiuzona.lt\/ru\/wp-json\/wp\/v2\/types\/product"}],"replies":[{"embeddable":true,"href":"https:\/\/irankiuzona.lt\/ru\/wp-json\/wp\/v2\/comments?post=255872"}],"version-history":[{"count":0,"href":"https:\/\/irankiuzona.lt\/ru\/wp-json\/wp\/v2\/product\/255872\/revisions"}],"wp:featuredmedia":[{"embeddable":true,"href":"https:\/\/irankiuzona.lt\/ru\/wp-json\/wp\/v2\/media\/255874"}],"wp:attachment":[{"href":"https:\/\/irankiuzona.lt\/ru\/wp-json\/wp\/v2\/media?parent=255872"}],"wp:term":[{"taxonomy":"product_cat","embeddable":true,"href":"https:\/\/irankiuzona.lt\/ru\/wp-json\/wp\/v2\/product_cat?post=255872"},{"taxonomy":"product_tag","embeddable":true,"href":"https:\/\/irankiuzona.lt\/ru\/wp-json\/wp\/v2\/product_tag?post=255872"}],"curies":[{"name":"wp","href":"https:\/\/api.w.org\/{rel}","templated":true}]}}