{"id":255875,"date":"2024-09-29T11:00:41","date_gmt":"2024-09-29T11:00:41","guid":{"rendered":"https:\/\/irankiuzona.lt\/product\/purskiklis-svareliu-kliju-salinimui\/"},"modified":"2026-04-15T08:15:32","modified_gmt":"2026-04-15T08:15:32","slug":"purskiklis-svareliu-kliju-salinimui","status":"publish","type":"product","link":"https:\/\/irankiuzona.lt\/ru\/product\/purskiklis-svareliu-kliju-salinimui\/","title":{"rendered":"Pur\u0161kiklis svareli\u0173 klij\u0173 \u0161alinimui"},"content":{"rendered":"<p>STR-1000 preparatas skirtas nuimti juost\u0105, kuri lieka po balansavimo svarelio pa\u0161alinimo, bei pavir\u0161i\u0173 valymui.<br \/>\nSTR-1000 yra specialiai sukurta formul\u0117, leid\u017eianti nuimti juost\u0105 nuo svarelio priklijavimo vietos, nepa\u017eeid\u017eiant \u0161iuolaikini\u0173 (pagamint\u0173 i\u0161 aliuminio lydini\u0173) ratlanki\u0173. Preparatas leid\u017eia greitai ir lengvai nuimti anks\u010diau sumink\u0161tint\u0105 juost\u0105. Nor\u0117dami nepa\u017eeisti ratlankio, naudokite tik tinkamus \u012frankius, tokius kaip plastikinis grandiklis. Preparatas yra saugus, nepa\u017eeid\u017eiantis aliuminio ratlanki\u0173.<br \/>\nNaudojimo instrukcijos:<br \/>\nPrie\u0161 naudojim\u0105 supurtykite skardin\u0119 talp\u0105. Tada nupurk\u0161kite i\u0161valyt\u0105 viet\u0105 ir \u0161iek tiek palaukite. Pa\u0161alinkite ne\u0161varumus spec. aliuminio nepa\u017eeid\u017eian\u010diu plastikiniu svori\u0173 grandikliu.<\/p>","protected":false},"excerpt":{"rendered":"<p>Pur\u0161kiklis svareli\u0173 klij\u0173 \u0161alinimui<\/p>","protected":false},"featured_media":255877,"comment_status":"open","ping_status":"open","template":"","meta":[],"product_cat":[9924],"product_tag":[],"class_list":{"0":"post-255875","1":"product","2":"type-product","3":"status-publish","4":"has-post-thumbnail","6":"product_cat-padangu-remonto-chemija","8":"first","9":"outofstock","10":"purchasable","11":"product-type-simple"},"jetpack_sharing_enabled":true,"_links":{"self":[{"href":"https:\/\/irankiuzona.lt\/ru\/wp-json\/wp\/v2\/product\/255875","targetHints":{"allow":["GET"]}}],"collection":[{"href":"https:\/\/irankiuzona.lt\/ru\/wp-json\/wp\/v2\/product"}],"about":[{"href":"https:\/\/irankiuzona.lt\/ru\/wp-json\/wp\/v2\/types\/product"}],"replies":[{"embeddable":true,"href":"https:\/\/irankiuzona.lt\/ru\/wp-json\/wp\/v2\/comments?post=255875"}],"version-history":[{"count":1,"href":"https:\/\/irankiuzona.lt\/ru\/wp-json\/wp\/v2\/product\/255875\/revisions"}],"predecessor-version":[{"id":420480,"href":"https:\/\/irankiuzona.lt\/ru\/wp-json\/wp\/v2\/product\/255875\/revisions\/420480"}],"wp:featuredmedia":[{"embeddable":true,"href":"https:\/\/irankiuzona.lt\/ru\/wp-json\/wp\/v2\/media\/255877"}],"wp:attachment":[{"href":"https:\/\/irankiuzona.lt\/ru\/wp-json\/wp\/v2\/media?parent=255875"}],"wp:term":[{"taxonomy":"product_cat","embeddable":true,"href":"https:\/\/irankiuzona.lt\/ru\/wp-json\/wp\/v2\/product_cat?post=255875"},{"taxonomy":"product_tag","embeddable":true,"href":"https:\/\/irankiuzona.lt\/ru\/wp-json\/wp\/v2\/product_tag?post=255875"}],"curies":[{"name":"wp","href":"https:\/\/api.w.org\/{rel}","templated":true}]}}