{"id":255896,"date":"2024-09-29T11:00:43","date_gmt":"2024-09-29T11:00:43","guid":{"rendered":"https:\/\/irankiuzona.lt\/product\/kreida-vaskine-apvali-geltona\/"},"modified":"2026-04-15T02:22:44","modified_gmt":"2026-04-15T02:22:44","slug":"kreida-vaskine-apvali-geltona","status":"publish","type":"product","link":"https:\/\/irankiuzona.lt\/ru\/product\/kreida-vaskine-apvali-geltona\/","title":{"rendered":"Kreida va\u0161kin\u0117 apvali (geltona)"},"content":{"rendered":"<p>Kreida va\u0161kin\u0117 apvali (geltona)<br \/>\nRa\u0161o ant \u0161lapios ir riebaluotos dangosNel\u016b\u017etaAtspari temperat\u016br\u0173 poky\u010diamsIlgis 93mmDiametras 18mmPakuot\u0117je 12 vntGamintojas RAIDEX (Vokietija)<\/p>","protected":false},"excerpt":{"rendered":"<p>Kreida va\u0161kin\u0117 apvali (geltona)<\/p>","protected":false},"featured_media":255898,"comment_status":"open","ping_status":"open","template":"","meta":[],"product_cat":[9843],"product_tag":[],"class_list":{"0":"post-255896","1":"product","2":"type-product","3":"status-publish","4":"has-post-thumbnail","6":"product_cat-lopai-padangoms-kaisciai-virves","8":"first","9":"outofstock","10":"purchasable","11":"product-type-simple"},"jetpack_sharing_enabled":true,"_links":{"self":[{"href":"https:\/\/irankiuzona.lt\/ru\/wp-json\/wp\/v2\/product\/255896","targetHints":{"allow":["GET"]}}],"collection":[{"href":"https:\/\/irankiuzona.lt\/ru\/wp-json\/wp\/v2\/product"}],"about":[{"href":"https:\/\/irankiuzona.lt\/ru\/wp-json\/wp\/v2\/types\/product"}],"replies":[{"embeddable":true,"href":"https:\/\/irankiuzona.lt\/ru\/wp-json\/wp\/v2\/comments?post=255896"}],"version-history":[{"count":1,"href":"https:\/\/irankiuzona.lt\/ru\/wp-json\/wp\/v2\/product\/255896\/revisions"}],"predecessor-version":[{"id":420487,"href":"https:\/\/irankiuzona.lt\/ru\/wp-json\/wp\/v2\/product\/255896\/revisions\/420487"}],"wp:featuredmedia":[{"embeddable":true,"href":"https:\/\/irankiuzona.lt\/ru\/wp-json\/wp\/v2\/media\/255898"}],"wp:attachment":[{"href":"https:\/\/irankiuzona.lt\/ru\/wp-json\/wp\/v2\/media?parent=255896"}],"wp:term":[{"taxonomy":"product_cat","embeddable":true,"href":"https:\/\/irankiuzona.lt\/ru\/wp-json\/wp\/v2\/product_cat?post=255896"},{"taxonomy":"product_tag","embeddable":true,"href":"https:\/\/irankiuzona.lt\/ru\/wp-json\/wp\/v2\/product_tag?post=255896"}],"curies":[{"name":"wp","href":"https:\/\/api.w.org\/{rel}","templated":true}]}}