{"id":255902,"date":"2024-09-29T11:00:44","date_gmt":"2024-09-29T11:00:44","guid":{"rendered":"https:\/\/irankiuzona.lt\/product\/kampinis-slifuoklis-bosch-professional-1900w-125mm\/"},"modified":"2024-10-19T00:36:18","modified_gmt":"2024-10-19T00:36:18","slug":"kampinis-slifuoklis-bosch-professional-1900w-125mm","status":"publish","type":"product","link":"https:\/\/irankiuzona.lt\/ru\/product\/kampinis-slifuoklis-bosch-professional-1900w-125mm\/","title":{"rendered":"Kampinis \u0161lifuoklis BOSCH Professional 1900W \/ 125mm"},"content":{"rendered":"<p>Gamintojas: BoschGalia: 1900 WDisko diametras: 125 mmReguliuojamas disko sukimosi greitis: Taip<br \/>\nGalingiausias ma\u017eas kampinis \u0161lifuoklis su grei\u010dio pasirinkimu 1 900 W kategorijoje.<br \/>\nGalingas 1 900 W variklis su nuolatiniu elektroniniu valdymu ir grei\u010dio pasirinkimu u\u017etikrina did\u017eiausi\u0105 darbo efektyvum\u0105.<br \/>\nTiesioginis variklio au\u0161inimas, apsauga nuo perkrovos ir atspar\u016bs angliniai \u0161epet\u0117liai u\u017etikrina ilg\u0105 eksploatavimo laik\u0105.<br \/>\n\u201eKickBack Control\u201c funkcija ir rankena su \u201eVibration Control\u201c sistema padidina naudotojo apsaug\u0105.<br \/>\n\u201eGWS 19-125 CIE Professional\u201c laidinis ma\u017eas kampinis \u0161lifuoklis su grei\u010dio pasirinkimu yra galingiausias ma\u017eas kampinis \u0161lifuoklis maksimaliam produktyvumuipasiekti 1 900 W kategorijoje.<br \/>\nJo galingas 1 900 W variklis su nuolatiniu elektroniniu valdymu ir grei\u010dio pasirinkimu u\u017etikrina did\u017eiausi\u0105 darbo efektyvum\u0105.<br \/>\n\u0160iame itin tvirtame ma\u017eame kampiniame \u0161lifuoklyje \u012frengtas tiesioginis variklio au\u0161inimas, apsauga nuo perkrovos ir atspar\u016bs angliniai \u0161epet\u0117liai, u\u017etikrinantys ilg\u0105 \u012frankio eksploatavimo laik\u0105.<br \/>\nBe to, \u201eKickBack Control\u201c funkcija ir rankena su \u201eVibration Control\u201c sistema padidina naudotojo apsaug\u0105.<br \/>\n\u0160is \u012frankis skirtas metalui \u0161lifuoti. Jis suderinamas su dulki\u0173 pried\u0117liais \u201eGDE 125 EA-T Professional\u201c ir \u201eGDE 115 \/ 125 FC-T Professional\u201c.<br \/>\n\u201eBosch\u201c GWS 19-125 CIE yra pirmas pasaulyje ma\u017eas kampinis \u0161lifuoklis 1 900 W kategorijoje, be to, jame \u012frengta apsauga nuo pakartotinio paleidimo.\u00a0<br \/>\nTechniniai duomenys<\/p>\n<p>Nominalioji \u012fvesties galia\u00a0\u00a0<br \/>\n1 900 W<\/p>\n<p>Tu\u0161\u010diosios eigos s\u016bki\u0173 skai\u010dius\u00a0\u00a0<br \/>\n2.800 \u2013 11.500 min-1<\/p>\n<p>Atiduodamoji galia\u00a0\u00a0<br \/>\n1 220 W<\/p>\n<p>\u0160lifavimo suklio sriegis\u00a0\u00a0<br \/>\nM14<\/p>\n<p>Disko \u00d8\u00a0\u00a0<br \/>\n125 mm<\/p>\n<p>Guminio l\u0117k\u0161tinio \u0161lifavimo disko \u00d8\u00a0\u00a0<br \/>\n125 mm<\/p>\n<p>Cilindrinio \u0161epe\u010dio \u00d8\u00a0\u00a0<br \/>\n75 mm<\/p>\n<p>\u012erankio matmenys (ilgis)\u00a0\u00a0<br \/>\n311 mm<\/p>\n<p>\u012erankio matmenys (auk\u0161tis)\u00a0\u00a0<br \/>\n103 mm<\/p>\n<p>Mas\u0117\u00a0\u00a0<br \/>\n2,4 kg<\/p>\n<p>Jungiklis\u00a0<br \/>\nFiksuojamas jungiklis<\/p>\n<p>Pakuot\u0117s matmenys (plotis x ilgis x auk\u0161tis)\u00a0\u00a0<br \/>\n164 x 392 x 141 mm<\/p>\n<p>Elektros \u012ftampa\u00a0\u00a0<br \/>\n230 V\u00a0<\/p>","protected":false},"excerpt":{"rendered":"<p>BOSCH GWS 19-125 CIE Professional kampinis \u0161lifuoklis 1900W \/ 125mm<\/p>","protected":false},"featured_media":255904,"comment_status":"open","ping_status":"open","template":"","meta":[],"product_cat":[9648],"product_tag":[9936],"class_list":{"0":"post-255902","1":"product","2":"type-product","3":"status-publish","4":"has-post-thumbnail","6":"product_brand-bosch-profesionalus-elektriniai-irankiai","7":"product_cat-kampiniai-slifuokliai","8":"product_tag-bosch-profesionalus-elektriniai-irankiai","10":"first","11":"outofstock","12":"purchasable","13":"product-type-simple"},"jetpack_sharing_enabled":true,"_links":{"self":[{"href":"https:\/\/irankiuzona.lt\/ru\/wp-json\/wp\/v2\/product\/255902","targetHints":{"allow":["GET"]}}],"collection":[{"href":"https:\/\/irankiuzona.lt\/ru\/wp-json\/wp\/v2\/product"}],"about":[{"href":"https:\/\/irankiuzona.lt\/ru\/wp-json\/wp\/v2\/types\/product"}],"replies":[{"embeddable":true,"href":"https:\/\/irankiuzona.lt\/ru\/wp-json\/wp\/v2\/comments?post=255902"}],"version-history":[{"count":0,"href":"https:\/\/irankiuzona.lt\/ru\/wp-json\/wp\/v2\/product\/255902\/revisions"}],"wp:featuredmedia":[{"embeddable":true,"href":"https:\/\/irankiuzona.lt\/ru\/wp-json\/wp\/v2\/media\/255904"}],"wp:attachment":[{"href":"https:\/\/irankiuzona.lt\/ru\/wp-json\/wp\/v2\/media?parent=255902"}],"wp:term":[{"taxonomy":"product_cat","embeddable":true,"href":"https:\/\/irankiuzona.lt\/ru\/wp-json\/wp\/v2\/product_cat?post=255902"},{"taxonomy":"product_tag","embeddable":true,"href":"https:\/\/irankiuzona.lt\/ru\/wp-json\/wp\/v2\/product_tag?post=255902"}],"curies":[{"name":"wp","href":"https:\/\/api.w.org\/{rel}","templated":true}]}}