{"id":255905,"date":"2024-09-29T11:00:44","date_gmt":"2024-09-29T11:00:44","guid":{"rendered":"https:\/\/irankiuzona.lt\/product\/atsuktuvo-antgaliai-1-4-s2-107d-su-deklu-vezimeliui\/"},"modified":"2026-04-12T00:16:52","modified_gmt":"2026-04-12T00:16:52","slug":"atsuktuvo-antgaliai-1-4-s2-107d-su-deklu-vezimeliui","status":"publish","type":"product","link":"https:\/\/irankiuzona.lt\/ru\/product\/atsuktuvo-antgaliai-1-4-s2-107d-su-deklu-vezimeliui\/","title":{"rendered":"Atsuktuvo antgaliai 1\/4 S2 107d \/ SU D\u0116KLU VE\u017dIM\u0116LIUI"},"content":{"rendered":"","protected":false},"excerpt":{"rendered":"<p>Atsuktuvo antgaliai 1\/4 S2 107d \/ SU D\u0116KLU VE\u017dIM\u0116LIUI<\/p>","protected":false},"featured_media":255907,"comment_status":"open","ping_status":"open","template":"","meta":[],"product_cat":[9870],"product_tag":[9969],"class_list":{"0":"post-255905","1":"product","2":"type-product","3":"status-publish","4":"has-post-thumbnail","6":"product_brand-hogert-technik-vokietija","7":"product_cat-deklai-i-vezimus-su-irankiais-ir-tusti","8":"product_tag-hogert-technik-vokietija","10":"first","11":"instock","12":"purchasable","13":"product-type-simple"},"jetpack_sharing_enabled":true,"_links":{"self":[{"href":"https:\/\/irankiuzona.lt\/ru\/wp-json\/wp\/v2\/product\/255905","targetHints":{"allow":["GET"]}}],"collection":[{"href":"https:\/\/irankiuzona.lt\/ru\/wp-json\/wp\/v2\/product"}],"about":[{"href":"https:\/\/irankiuzona.lt\/ru\/wp-json\/wp\/v2\/types\/product"}],"replies":[{"embeddable":true,"href":"https:\/\/irankiuzona.lt\/ru\/wp-json\/wp\/v2\/comments?post=255905"}],"version-history":[{"count":1,"href":"https:\/\/irankiuzona.lt\/ru\/wp-json\/wp\/v2\/product\/255905\/revisions"}],"predecessor-version":[{"id":420489,"href":"https:\/\/irankiuzona.lt\/ru\/wp-json\/wp\/v2\/product\/255905\/revisions\/420489"}],"wp:featuredmedia":[{"embeddable":true,"href":"https:\/\/irankiuzona.lt\/ru\/wp-json\/wp\/v2\/media\/255907"}],"wp:attachment":[{"href":"https:\/\/irankiuzona.lt\/ru\/wp-json\/wp\/v2\/media?parent=255905"}],"wp:term":[{"taxonomy":"product_cat","embeddable":true,"href":"https:\/\/irankiuzona.lt\/ru\/wp-json\/wp\/v2\/product_cat?post=255905"},{"taxonomy":"product_tag","embeddable":true,"href":"https:\/\/irankiuzona.lt\/ru\/wp-json\/wp\/v2\/product_tag?post=255905"}],"curies":[{"name":"wp","href":"https:\/\/api.w.org\/{rel}","templated":true}]}}