{"id":255908,"date":"2024-09-29T11:00:45","date_gmt":"2024-09-29T11:00:45","guid":{"rendered":"https:\/\/irankiuzona.lt\/product\/kaisciai-automobilio-apdailai-mazda-475vnt\/"},"modified":"2026-04-12T08:22:39","modified_gmt":"2026-04-12T08:22:39","slug":"kaisciai-automobilio-apdailai-mazda-475vnt","status":"publish","type":"product","link":"https:\/\/irankiuzona.lt\/ru\/product\/kaisciai-automobilio-apdailai-mazda-475vnt\/","title":{"rendered":"Kai\u0161\u010diai automobilio apdailai MAZDA 475vnt."},"content":{"rendered":"","protected":false},"excerpt":{"rendered":"<p>Kai\u0161\u010diai automobilio apdailai MAZDA 475vnt.<\/p>","protected":false},"featured_media":255910,"comment_status":"open","ping_status":"open","template":"","meta":[],"product_cat":[9438],"product_tag":[9969],"class_list":{"0":"post-255908","1":"product","2":"type-product","3":"status-publish","4":"has-post-thumbnail","6":"product_brand-hogert-technik-vokietija","7":"product_cat-tarpines-savarzos-smeiges-kaisciai-ir-kiti-rinkiniai","8":"product_tag-hogert-technik-vokietija","10":"first","11":"instock","12":"purchasable","13":"product-type-simple"},"jetpack_sharing_enabled":true,"_links":{"self":[{"href":"https:\/\/irankiuzona.lt\/ru\/wp-json\/wp\/v2\/product\/255908","targetHints":{"allow":["GET"]}}],"collection":[{"href":"https:\/\/irankiuzona.lt\/ru\/wp-json\/wp\/v2\/product"}],"about":[{"href":"https:\/\/irankiuzona.lt\/ru\/wp-json\/wp\/v2\/types\/product"}],"replies":[{"embeddable":true,"href":"https:\/\/irankiuzona.lt\/ru\/wp-json\/wp\/v2\/comments?post=255908"}],"version-history":[{"count":1,"href":"https:\/\/irankiuzona.lt\/ru\/wp-json\/wp\/v2\/product\/255908\/revisions"}],"predecessor-version":[{"id":420490,"href":"https:\/\/irankiuzona.lt\/ru\/wp-json\/wp\/v2\/product\/255908\/revisions\/420490"}],"wp:featuredmedia":[{"embeddable":true,"href":"https:\/\/irankiuzona.lt\/ru\/wp-json\/wp\/v2\/media\/255910"}],"wp:attachment":[{"href":"https:\/\/irankiuzona.lt\/ru\/wp-json\/wp\/v2\/media?parent=255908"}],"wp:term":[{"taxonomy":"product_cat","embeddable":true,"href":"https:\/\/irankiuzona.lt\/ru\/wp-json\/wp\/v2\/product_cat?post=255908"},{"taxonomy":"product_tag","embeddable":true,"href":"https:\/\/irankiuzona.lt\/ru\/wp-json\/wp\/v2\/product_tag?post=255908"}],"curies":[{"name":"wp","href":"https:\/\/api.w.org\/{rel}","templated":true}]}}