{"id":255951,"date":"2024-09-29T11:00:50","date_gmt":"2024-09-29T11:00:50","guid":{"rendered":"https:\/\/irankiuzona.lt\/product\/reples-plonasienems-ivorems-spausti\/"},"modified":"2026-05-15T18:20:31","modified_gmt":"2026-05-15T18:20:31","slug":"reples-plonasienems-ivorems-spausti","status":"publish","type":"product","link":"https:\/\/irankiuzona.lt\/ru\/product\/reples-plonasienems-ivorems-spausti\/","title":{"rendered":"Repl\u0117s plonasien\u0117ms \u012fvor\u0117ms spausti"},"content":{"rendered":"<p>pagamintas i\u0161 auk\u0161tos kokyb\u0117s plieno lydinio;kvadratinis presavimo profilis laidams nuo 4 iki 16 mm\u00b2 (6-12 AWG);bendras ilgis 210 mm;tikslus u\u017espaudim\u0105;formos rankena patogiam sukibimui ir repli\u0173 naudojimui.<\/p>","protected":false},"excerpt":{"rendered":"<p>Repl\u0117s plonasien\u0117ms \u012fvor\u0117ms spausti<\/p>","protected":false},"featured_media":255953,"comment_status":"open","ping_status":"open","template":"","meta":[],"product_cat":[9971],"product_tag":[9969],"class_list":{"0":"post-255951","1":"product","2":"type-product","3":"status-publish","4":"has-post-thumbnail","6":"product_brand-hogert-technik-vokietija","7":"product_cat-reples-znyples-uzspaudimui-elektrikui","8":"product_tag-hogert-technik-vokietija","10":"first","11":"instock","12":"purchasable","13":"product-type-simple"},"jetpack_sharing_enabled":true,"_links":{"self":[{"href":"https:\/\/irankiuzona.lt\/ru\/wp-json\/wp\/v2\/product\/255951","targetHints":{"allow":["GET"]}}],"collection":[{"href":"https:\/\/irankiuzona.lt\/ru\/wp-json\/wp\/v2\/product"}],"about":[{"href":"https:\/\/irankiuzona.lt\/ru\/wp-json\/wp\/v2\/types\/product"}],"replies":[{"embeddable":true,"href":"https:\/\/irankiuzona.lt\/ru\/wp-json\/wp\/v2\/comments?post=255951"}],"version-history":[{"count":1,"href":"https:\/\/irankiuzona.lt\/ru\/wp-json\/wp\/v2\/product\/255951\/revisions"}],"predecessor-version":[{"id":420505,"href":"https:\/\/irankiuzona.lt\/ru\/wp-json\/wp\/v2\/product\/255951\/revisions\/420505"}],"wp:featuredmedia":[{"embeddable":true,"href":"https:\/\/irankiuzona.lt\/ru\/wp-json\/wp\/v2\/media\/255953"}],"wp:attachment":[{"href":"https:\/\/irankiuzona.lt\/ru\/wp-json\/wp\/v2\/media?parent=255951"}],"wp:term":[{"taxonomy":"product_cat","embeddable":true,"href":"https:\/\/irankiuzona.lt\/ru\/wp-json\/wp\/v2\/product_cat?post=255951"},{"taxonomy":"product_tag","embeddable":true,"href":"https:\/\/irankiuzona.lt\/ru\/wp-json\/wp\/v2\/product_tag?post=255951"}],"curies":[{"name":"wp","href":"https:\/\/api.w.org\/{rel}","templated":true}]}}