{"id":256011,"date":"2024-09-29T11:00:57","date_gmt":"2024-09-29T11:00:57","guid":{"rendered":"https:\/\/irankiuzona.lt\/product\/guoliu-presavimo-komplektas-52daliu\/"},"modified":"2026-04-12T00:16:55","modified_gmt":"2026-04-12T00:16:55","slug":"guoliu-presavimo-komplektas-52daliu","status":"publish","type":"product","link":"https:\/\/irankiuzona.lt\/ru\/product\/guoliu-presavimo-komplektas-52daliu\/","title":{"rendered":"GUOLI\u0172 PRESAVIMO KOMPLEKTAS 52DALI\u0172"},"content":{"rendered":"<p>\u012e komplekt\u0105 \u012feina:<br \/>\nadapteriai, kuri\u0173 skersmuo nuo 18 mm iki 65 mm &#8211; 48 vienetai kas 1 mm, kuri\u0173 storis 12 mmadapteris, kurio skersmuo 74 mm ir storis 15 mm, i\u0161 viso 49 adapteriaiadapteris &#8211; 45 mm ilgio perforatoriaus prailginimas\u0160e\u0161iakampis raktasplastikinis d\u0117klas.<\/p>","protected":false},"excerpt":{"rendered":"<p>GUOLI\u0172 PRESAVIMO KOMPLEKTAS 52DALI\u0172<\/p>","protected":false},"featured_media":256013,"comment_status":"open","ping_status":"open","template":"","meta":[],"product_cat":[9731],"product_tag":[],"class_list":{"0":"post-256011","1":"product","2":"type-product","3":"status-publish","4":"has-post-thumbnail","6":"product_cat-guoliu-sailentbloku-presavimo-irankiai","8":"first","9":"instock","10":"purchasable","11":"product-type-simple"},"jetpack_sharing_enabled":true,"_links":{"self":[{"href":"https:\/\/irankiuzona.lt\/ru\/wp-json\/wp\/v2\/product\/256011","targetHints":{"allow":["GET"]}}],"collection":[{"href":"https:\/\/irankiuzona.lt\/ru\/wp-json\/wp\/v2\/product"}],"about":[{"href":"https:\/\/irankiuzona.lt\/ru\/wp-json\/wp\/v2\/types\/product"}],"replies":[{"embeddable":true,"href":"https:\/\/irankiuzona.lt\/ru\/wp-json\/wp\/v2\/comments?post=256011"}],"version-history":[{"count":1,"href":"https:\/\/irankiuzona.lt\/ru\/wp-json\/wp\/v2\/product\/256011\/revisions"}],"predecessor-version":[{"id":420527,"href":"https:\/\/irankiuzona.lt\/ru\/wp-json\/wp\/v2\/product\/256011\/revisions\/420527"}],"wp:featuredmedia":[{"embeddable":true,"href":"https:\/\/irankiuzona.lt\/ru\/wp-json\/wp\/v2\/media\/256013"}],"wp:attachment":[{"href":"https:\/\/irankiuzona.lt\/ru\/wp-json\/wp\/v2\/media?parent=256011"}],"wp:term":[{"taxonomy":"product_cat","embeddable":true,"href":"https:\/\/irankiuzona.lt\/ru\/wp-json\/wp\/v2\/product_cat?post=256011"},{"taxonomy":"product_tag","embeddable":true,"href":"https:\/\/irankiuzona.lt\/ru\/wp-json\/wp\/v2\/product_tag?post=256011"}],"curies":[{"name":"wp","href":"https:\/\/api.w.org\/{rel}","templated":true}]}}