{"id":256014,"date":"2024-09-29T11:00:57","date_gmt":"2024-09-29T11:00:57","guid":{"rendered":"https:\/\/irankiuzona.lt\/product\/svirtis-tempimui\/"},"modified":"2026-04-11T19:00:15","modified_gmt":"2026-04-11T19:00:15","slug":"svirtis-tempimui","status":"publish","type":"product","link":"https:\/\/irankiuzona.lt\/ru\/product\/svirtis-tempimui\/","title":{"rendered":"Svirtis tempimui"},"content":{"rendered":"<p>Techniniai duomenys:<br \/>\nMed\u017eiaga: plienasIlgis: 970 mmPrispaudimo auk\u0161tis: nuo 65 mm iki 265 mmGrandin\u0117s ilgis su kabliu: 660 mm<\/p>","protected":false},"excerpt":{"rendered":"<p>Svirtis tempimui<\/p>","protected":false},"featured_media":256016,"comment_status":"open","ping_status":"open","template":"","meta":[],"product_cat":[9652],"product_tag":[],"class_list":{"0":"post-256014","1":"product","2":"type-product","3":"status-publish","4":"has-post-thumbnail","6":"product_cat-grandinines-lynines-gerves-juostines-traukes","8":"first","9":"instock","10":"purchasable","11":"product-type-simple"},"jetpack_sharing_enabled":true,"_links":{"self":[{"href":"https:\/\/irankiuzona.lt\/ru\/wp-json\/wp\/v2\/product\/256014","targetHints":{"allow":["GET"]}}],"collection":[{"href":"https:\/\/irankiuzona.lt\/ru\/wp-json\/wp\/v2\/product"}],"about":[{"href":"https:\/\/irankiuzona.lt\/ru\/wp-json\/wp\/v2\/types\/product"}],"replies":[{"embeddable":true,"href":"https:\/\/irankiuzona.lt\/ru\/wp-json\/wp\/v2\/comments?post=256014"}],"version-history":[{"count":1,"href":"https:\/\/irankiuzona.lt\/ru\/wp-json\/wp\/v2\/product\/256014\/revisions"}],"predecessor-version":[{"id":420528,"href":"https:\/\/irankiuzona.lt\/ru\/wp-json\/wp\/v2\/product\/256014\/revisions\/420528"}],"wp:featuredmedia":[{"embeddable":true,"href":"https:\/\/irankiuzona.lt\/ru\/wp-json\/wp\/v2\/media\/256016"}],"wp:attachment":[{"href":"https:\/\/irankiuzona.lt\/ru\/wp-json\/wp\/v2\/media?parent=256014"}],"wp:term":[{"taxonomy":"product_cat","embeddable":true,"href":"https:\/\/irankiuzona.lt\/ru\/wp-json\/wp\/v2\/product_cat?post=256014"},{"taxonomy":"product_tag","embeddable":true,"href":"https:\/\/irankiuzona.lt\/ru\/wp-json\/wp\/v2\/product_tag?post=256014"}],"curies":[{"name":"wp","href":"https:\/\/api.w.org\/{rel}","templated":true}]}}